{"id":1356,"date":"2022-07-28T19:13:13","date_gmt":"2022-07-28T19:13:13","guid":{"rendered":"https:\/\/brightwayseo.com\/?page_id=1356"},"modified":"2022-09-13T14:17:48","modified_gmt":"2022-09-13T14:17:48","slug":"zapatos-para-diabeticos","status":"publish","type":"page","link":"https:\/\/santosmedical.com\/es\/servicios\/zapatos-para-diabeticos\/","title":{"rendered":"Zapatos para Diab\u00e9ticos"},"content":{"rendered":"<p><div class=\"fusion-fullwidth fullwidth-box fusion-builder-row-1 fusion-flex-container nonhundred-percent-fullwidth non-hundred-percent-height-scrolling\" style=\"--link_color: rgba(0,0,0,0.23);--awb-border-radius-top-left:0px;--awb-border-radius-top-right:0px;--awb-border-radius-bottom-right:0px;--awb-border-radius-bottom-left:0px;--awb-padding-top:20px;--awb-margin-bottom:40px;--awb-background-color:#f3f6fa;--awb-flex-wrap:wrap;\" ><div class=\"fusion-builder-row fusion-row fusion-flex-align-items-flex-start fusion-flex-content-wrap\" style=\"max-width:1248px;margin-left: calc(-4% \/ 2 );margin-right: calc(-4% \/ 2 );\"><div class=\"fusion-layout-column fusion_builder_column fusion-builder-column-0 fusion_builder_column_1_1 1_1 fusion-flex-column\" style=\"--awb-bg-size:cover;--awb-width-large:100%;--awb-margin-top-large:0px;--awb-spacing-right-large:1.92%;--awb-margin-bottom-large:20px;--awb-spacing-left-large:1.92%;--awb-width-medium:100%;--awb-order-medium:0;--awb-spacing-right-medium:1.92%;--awb-spacing-left-medium:1.92%;--awb-width-small:100%;--awb-order-small:0;--awb-spacing-right-small:1.92%;--awb-spacing-left-small:1.92%;\"><div class=\"fusion-column-wrapper fusion-column-has-shadow fusion-flex-justify-content-flex-start fusion-content-layout-column\"><div class=\"fusion-text fusion-text-1\" style=\"--awb-font-size:22px;--awb-text-color:var(--awb-custom_color_3);--awb-text-font-family:&quot;Montserrat&quot;;--awb-text-font-style:normal;--awb-text-font-weight:400;\"><p><strong>Servicios<\/strong><\/p>\n<\/div><div class=\"fusion-separator\" style=\"align-self: flex-start;margin-right:auto;margin-bottom:15px;width:100%;max-width:25%;\"><div class=\"fusion-separator-border sep-single sep-solid\" style=\"--awb-height:20px;--awb-amount:20px;--awb-sep-color:#5e7385;border-color:#5e7385;border-top-width:1px;\"><\/div><\/div><div class=\"fusion-text fusion-text-2\" style=\"--awb-font-size:40px;--awb-text-color:var(--awb-custom_color_2);--awb-text-font-family:&quot;Montserrat&quot;;--awb-text-font-style:normal;--awb-text-font-weight:400;\"><p><strong>Zapatos para Diab\u00e9ticos<\/strong><\/p>\n<\/div><div class=\"fusion-separator fusion-full-width-sep\" style=\"align-self: center;margin-left: auto;margin-right: auto;margin-bottom:15px;width:100%;\"><div class=\"fusion-separator-border sep-single sep-solid\" style=\"--awb-height:20px;--awb-amount:20px;--awb-sep-color:#5e7385;border-color:#5e7385;border-top-width:1px;\"><\/div><\/div><div class=\"fusion-text fusion-text-3\" style=\"--awb-font-size:16PX;--awb-text-color:#5e7385;--awb-text-font-family:&quot;Montserrat&quot;;--awb-text-font-style:normal;--awb-text-font-weight:400;\"><p>Para nuestros pacientes diagnosticados con diabetes, en Santos Medical Centers tenemos a su disposici\u00f3n el servicio especializado de calzado hecho a medida, puesto que los nervios delos pies resultan afectados con frecuencia. Est\u00e1n dise\u00f1ados con un interior suave y ergon\u00f3mico, con m\u00e1xima protecci\u00f3n para los pies sensibles y delicados, aliviando la presi\u00f3n sobre los pies hinchados, los juanetes, edemas, etc. Nuestros pacientes pueden evitar as\u00ed los roces y la presi\u00f3n, ayud\u00e1ndoles a caminar mejor.<\/p>\n<\/div><div class=\"fusion-text fusion-text-4\" style=\"--awb-font-size:18PX;--awb-text-color:#5e7385;--awb-margin-top:20px;--awb-text-font-family:&quot;Montserrat&quot;;--awb-text-font-style:normal;--awb-text-font-weight:400;\"><p style=\"text-align: left;\"><strong>Se lo llevamos a casa, siempre para hacerles la vida mucho m\u00e1s f\u00e1cil.<\/strong><\/p>\n<\/div><\/div><\/div><\/div><\/div><div class=\"fusion-fullwidth fullwidth-box fusion-builder-row-2 fusion-flex-container has-pattern-background has-mask-background nonhundred-percent-fullwidth non-hundred-percent-height-scrolling\" style=\"--awb-border-radius-top-left:0px;--awb-border-radius-top-right:0px;--awb-border-radius-bottom-right:0px;--awb-border-radius-bottom-left:0px;--awb-flex-wrap:wrap;\" ><div class=\"fusion-builder-row fusion-row fusion-flex-align-items-flex-start fusion-flex-justify-content-space-evenly fusion-flex-content-wrap\" style=\"max-width:1248px;margin-left: calc(-4% \/ 2 );margin-right: calc(-4% \/ 2 );\"><div class=\"fusion-layout-column fusion_builder_column fusion-builder-column-1 fusion_builder_column_1_3 1_3 fusion-flex-column\" style=\"--awb-bg-size:cover;--awb-width-large:33.333333333333%;--awb-margin-top-large:0px;--awb-spacing-right-large:5.76%;--awb-margin-bottom-large:20px;--awb-spacing-left-large:5.76%;--awb-width-medium:33.333333333333%;--awb-order-medium:0;--awb-spacing-right-medium:5.76%;--awb-spacing-left-medium:5.76%;--awb-width-small:100%;--awb-order-small:0;--awb-spacing-right-small:1.92%;--awb-spacing-left-small:1.92%;\"><div class=\"fusion-column-wrapper fusion-column-has-shadow fusion-flex-justify-content-flex-start fusion-content-layout-column\"><div class=\"fusion-image-element \" style=\"--awb-caption-title-font-family:var(--h2_typography-font-family);--awb-caption-title-font-weight:var(--h2_typography-font-weight);--awb-caption-title-font-style:var(--h2_typography-font-style);--awb-caption-title-size:var(--h2_typography-font-size);--awb-caption-title-transform:var(--h2_typography-text-transform);--awb-caption-title-line-height:var(--h2_typography-line-height);--awb-caption-title-letter-spacing:var(--h2_typography-letter-spacing);\"><span class=\" fusion-imageframe imageframe-none imageframe-1 hover-type-none\"><img decoding=\"async\" width=\"373\" height=\"200\" title=\"zapatos4\" src=\"https:\/\/santosmedical.com\/wp-content\/uploads\/2022\/07\/zapatos4.jpg\" alt class=\"img-responsive wp-image-1364\" srcset=\"https:\/\/santosmedical.com\/wp-content\/uploads\/2022\/07\/zapatos4-200x107.jpg 200w, https:\/\/santosmedical.com\/wp-content\/uploads\/2022\/07\/zapatos4.jpg 373w\" sizes=\"(max-width: 640px) 100vw, 373px\" \/><\/span><\/div><div class=\"fusion-title title fusion-title-1 fusion-sep-none fusion-title-text fusion-title-size-two\" style=\"--awb-text-color:var(--awb-custom_color_2);--awb-margin-top-small:10px;--awb-margin-right-small:0px;--awb-margin-bottom-small:10px;--awb-margin-left-small:0px;--awb-font-size:26px;\"><h2 class=\"fusion-title-heading title-heading-left\" style=\"font-family:&quot;Montserrat&quot;;font-style:normal;font-weight:500;margin:0;font-size:1em;\"><strong>Amplia variedad de estilos y colores<\/strong><\/h2><\/div><div class=\"fusion-separator fusion-full-width-sep\" style=\"align-self: center;margin-left: auto;margin-right: auto;width:100%;\"><div class=\"fusion-separator-border sep-single sep-solid\" style=\"--awb-height:20px;--awb-amount:20px;--awb-sep-color:var(--awb-custom_color_2);border-color:var(--awb-custom_color_2);border-top-width:1px;\"><\/div><\/div><\/div><\/div><div class=\"fusion-layout-column fusion_builder_column fusion-builder-column-2 fusion_builder_column_1_3 1_3 fusion-flex-column\" style=\"--awb-bg-size:cover;--awb-width-large:33.333333333333%;--awb-margin-top-large:0px;--awb-spacing-right-large:5.76%;--awb-margin-bottom-large:20px;--awb-spacing-left-large:5.76%;--awb-width-medium:33.333333333333%;--awb-order-medium:0;--awb-spacing-right-medium:5.76%;--awb-spacing-left-medium:5.76%;--awb-width-small:100%;--awb-order-small:0;--awb-spacing-right-small:1.92%;--awb-spacing-left-small:1.92%;\"><div class=\"fusion-column-wrapper fusion-column-has-shadow fusion-flex-justify-content-flex-start fusion-content-layout-column\"><div class=\"fusion-image-element \" style=\"--awb-caption-title-font-family:var(--h2_typography-font-family);--awb-caption-title-font-weight:var(--h2_typography-font-weight);--awb-caption-title-font-style:var(--h2_typography-font-style);--awb-caption-title-size:var(--h2_typography-font-size);--awb-caption-title-transform:var(--h2_typography-text-transform);--awb-caption-title-line-height:var(--h2_typography-line-height);--awb-caption-title-letter-spacing:var(--h2_typography-letter-spacing);\"><span class=\" fusion-imageframe imageframe-none imageframe-2 hover-type-none\"><img decoding=\"async\" width=\"373\" height=\"200\" title=\"zapatos6\" src=\"https:\/\/santosmedical.com\/wp-content\/uploads\/2022\/07\/zapatos6.jpg\" alt class=\"img-responsive wp-image-1365\" srcset=\"https:\/\/santosmedical.com\/wp-content\/uploads\/2022\/07\/zapatos6-200x107.jpg 200w, https:\/\/santosmedical.com\/wp-content\/uploads\/2022\/07\/zapatos6.jpg 373w\" sizes=\"(max-width: 640px) 100vw, 373px\" \/><\/span><\/div><div class=\"fusion-title title fusion-title-2 fusion-sep-none fusion-title-text fusion-title-size-two\" style=\"--awb-text-color:var(--awb-custom_color_2);--awb-margin-top-small:10px;--awb-margin-right-small:0px;--awb-margin-bottom-small:10px;--awb-margin-left-small:0px;--awb-font-size:26px;\"><h2 class=\"fusion-title-heading title-heading-left\" style=\"font-family:&quot;Montserrat&quot;;font-style:normal;font-weight:500;margin:0;font-size:1em;\"><strong>Asistencia en toma de medidas<\/strong><\/h2><\/div><div class=\"fusion-separator fusion-full-width-sep\" style=\"align-self: center;margin-left: auto;margin-right: auto;width:100%;\"><div class=\"fusion-separator-border sep-single sep-solid\" style=\"--awb-height:20px;--awb-amount:20px;--awb-sep-color:var(--awb-custom_color_2);border-color:var(--awb-custom_color_2);border-top-width:1px;\"><\/div><\/div><\/div><\/div><div class=\"fusion-layout-column fusion_builder_column fusion-builder-column-3 fusion_builder_column_1_3 1_3 fusion-flex-column\" style=\"--awb-bg-size:cover;--awb-width-large:33.333333333333%;--awb-margin-top-large:0px;--awb-spacing-right-large:5.76%;--awb-margin-bottom-large:20px;--awb-spacing-left-large:5.76%;--awb-width-medium:33.333333333333%;--awb-order-medium:0;--awb-spacing-right-medium:5.76%;--awb-spacing-left-medium:5.76%;--awb-width-small:100%;--awb-order-small:0;--awb-spacing-right-small:1.92%;--awb-spacing-left-small:1.92%;\"><div class=\"fusion-column-wrapper fusion-column-has-shadow fusion-flex-justify-content-flex-start fusion-content-layout-column\"><div class=\"fusion-image-element \" style=\"--awb-caption-title-font-family:var(--h2_typography-font-family);--awb-caption-title-font-weight:var(--h2_typography-font-weight);--awb-caption-title-font-style:var(--h2_typography-font-style);--awb-caption-title-size:var(--h2_typography-font-size);--awb-caption-title-transform:var(--h2_typography-text-transform);--awb-caption-title-line-height:var(--h2_typography-line-height);--awb-caption-title-letter-spacing:var(--h2_typography-letter-spacing);\"><span class=\" fusion-imageframe imageframe-none imageframe-3 hover-type-none\"><img decoding=\"async\" width=\"373\" height=\"200\" title=\"zapatos60\" src=\"https:\/\/santosmedical.com\/wp-content\/uploads\/2022\/07\/zapatos60.jpg\" alt class=\"img-responsive wp-image-1366\" srcset=\"https:\/\/santosmedical.com\/wp-content\/uploads\/2022\/07\/zapatos60-200x107.jpg 200w, https:\/\/santosmedical.com\/wp-content\/uploads\/2022\/07\/zapatos60.jpg 373w\" sizes=\"(max-width: 640px) 100vw, 373px\" \/><\/span><\/div><div class=\"fusion-title title fusion-title-3 fusion-sep-none fusion-title-text fusion-title-size-two\" style=\"--awb-text-color:var(--awb-custom_color_2);--awb-margin-top-small:10px;--awb-margin-right-small:0px;--awb-margin-bottom-small:10px;--awb-margin-left-small:0px;--awb-font-size:26px;\"><h2 class=\"fusion-title-heading title-heading-left\" style=\"font-family:&quot;Montserrat&quot;;font-style:normal;font-weight:500;margin:0;font-size:1em;\"><strong>Sesi\u00f3n de ajuste para verificar la comodidad<\/strong><\/h2><\/div><div class=\"fusion-separator fusion-full-width-sep\" style=\"align-self: center;margin-left: auto;margin-right: auto;width:100%;\"><div class=\"fusion-separator-border sep-single sep-solid\" style=\"--awb-height:20px;--awb-amount:20px;--awb-sep-color:var(--awb-custom_color_2);border-color:var(--awb-custom_color_2);border-top-width:1px;\"><\/div><\/div><\/div><\/div><div class=\"fusion-layout-column fusion_builder_column fusion-builder-column-4 fusion_builder_column_1_3 1_3 fusion-flex-column\" style=\"--awb-bg-size:cover;--awb-width-large:33.333333333333%;--awb-margin-top-large:0px;--awb-spacing-right-large:5.76%;--awb-margin-bottom-large:20px;--awb-spacing-left-large:5.76%;--awb-width-medium:33.333333333333%;--awb-order-medium:0;--awb-spacing-right-medium:5.76%;--awb-spacing-left-medium:5.76%;--awb-width-small:100%;--awb-order-small:0;--awb-spacing-right-small:1.92%;--awb-spacing-left-small:1.92%;\"><div class=\"fusion-column-wrapper fusion-column-has-shadow fusion-flex-justify-content-flex-start fusion-content-layout-column\"><div class=\"fusion-image-element \" style=\"--awb-caption-title-font-family:var(--h2_typography-font-family);--awb-caption-title-font-weight:var(--h2_typography-font-weight);--awb-caption-title-font-style:var(--h2_typography-font-style);--awb-caption-title-size:var(--h2_typography-font-size);--awb-caption-title-transform:var(--h2_typography-text-transform);--awb-caption-title-line-height:var(--h2_typography-line-height);--awb-caption-title-letter-spacing:var(--h2_typography-letter-spacing);\"><span class=\" fusion-imageframe imageframe-none imageframe-4 hover-type-none\"><img decoding=\"async\" width=\"373\" height=\"200\" title=\"zapatos3\" src=\"https:\/\/santosmedical.com\/wp-content\/uploads\/2022\/07\/zapatos3.jpg\" alt class=\"img-responsive wp-image-1363\" srcset=\"https:\/\/santosmedical.com\/wp-content\/uploads\/2022\/07\/zapatos3-200x107.jpg 200w, https:\/\/santosmedical.com\/wp-content\/uploads\/2022\/07\/zapatos3.jpg 373w\" sizes=\"(max-width: 640px) 100vw, 373px\" \/><\/span><\/div><div class=\"fusion-title title fusion-title-4 fusion-sep-none fusion-title-text fusion-title-size-two\" style=\"--awb-text-color:var(--awb-custom_color_2);--awb-margin-top-small:10px;--awb-margin-right-small:0px;--awb-margin-bottom-small:10px;--awb-margin-left-small:0px;--awb-font-size:26px;\"><h2 class=\"fusion-title-heading title-heading-left\" style=\"font-family:&quot;Montserrat&quot;;font-style:normal;font-weight:500;margin:0;font-size:1em;\"><strong>Zapatos c\u00f3modos sin sacrificar estilo<\/strong><\/h2><\/div><\/div><\/div><div class=\"fusion-layout-column fusion_builder_column fusion-builder-column-5 fusion_builder_column_1_3 1_3 fusion-flex-column\" style=\"--awb-bg-size:cover;--awb-width-large:33.333333333333%;--awb-margin-top-large:0px;--awb-spacing-right-large:5.76%;--awb-margin-bottom-large:20px;--awb-spacing-left-large:5.76%;--awb-width-medium:33.333333333333%;--awb-order-medium:0;--awb-spacing-right-medium:5.76%;--awb-spacing-left-medium:5.76%;--awb-width-small:100%;--awb-order-small:0;--awb-spacing-right-small:1.92%;--awb-spacing-left-small:1.92%;\"><div class=\"fusion-column-wrapper fusion-column-has-shadow fusion-flex-justify-content-flex-start fusion-content-layout-column\"><div class=\"fusion-image-element \" style=\"--awb-caption-title-font-family:var(--h2_typography-font-family);--awb-caption-title-font-weight:var(--h2_typography-font-weight);--awb-caption-title-font-style:var(--h2_typography-font-style);--awb-caption-title-size:var(--h2_typography-font-size);--awb-caption-title-transform:var(--h2_typography-text-transform);--awb-caption-title-line-height:var(--h2_typography-line-height);--awb-caption-title-letter-spacing:var(--h2_typography-letter-spacing);\"><span class=\" fusion-imageframe imageframe-none imageframe-5 hover-type-none\"><img decoding=\"async\" width=\"373\" height=\"200\" title=\"zapatos2\" src=\"https:\/\/santosmedical.com\/wp-content\/uploads\/2022\/07\/zapatos2.jpg\" alt class=\"img-responsive wp-image-1362\" srcset=\"https:\/\/santosmedical.com\/wp-content\/uploads\/2022\/07\/zapatos2-200x107.jpg 200w, https:\/\/santosmedical.com\/wp-content\/uploads\/2022\/07\/zapatos2.jpg 373w\" sizes=\"(max-width: 640px) 100vw, 373px\" \/><\/span><\/div><div class=\"fusion-title title fusion-title-5 fusion-sep-none fusion-title-text fusion-title-size-two\" style=\"--awb-text-color:var(--awb-custom_color_2);--awb-margin-top-small:10px;--awb-margin-right-small:0px;--awb-margin-bottom-small:10px;--awb-margin-left-small:0px;--awb-font-size:26px;\"><h2 class=\"fusion-title-heading title-heading-left\" style=\"font-family:&quot;Montserrat&quot;;font-style:normal;font-weight:500;margin:0;font-size:1em;\"><strong>Entrega r\u00e1pida en nuestro centro<\/strong><\/h2><\/div><\/div><\/div><div class=\"fusion-layout-column fusion_builder_column fusion-builder-column-6 fusion_builder_column_1_3 1_3 fusion-flex-column\" style=\"--awb-bg-size:cover;--awb-width-large:33.333333333333%;--awb-margin-top-large:0px;--awb-spacing-right-large:5.76%;--awb-margin-bottom-large:20px;--awb-spacing-left-large:5.76%;--awb-width-medium:33.333333333333%;--awb-order-medium:0;--awb-spacing-right-medium:5.76%;--awb-spacing-left-medium:5.76%;--awb-width-small:100%;--awb-order-small:0;--awb-spacing-right-small:1.92%;--awb-spacing-left-small:1.92%;\"><div class=\"fusion-column-wrapper fusion-column-has-shadow fusion-flex-justify-content-flex-start fusion-content-layout-column\"><div class=\"fusion-image-element \" style=\"--awb-caption-title-font-family:var(--h2_typography-font-family);--awb-caption-title-font-weight:var(--h2_typography-font-weight);--awb-caption-title-font-style:var(--h2_typography-font-style);--awb-caption-title-size:var(--h2_typography-font-size);--awb-caption-title-transform:var(--h2_typography-text-transform);--awb-caption-title-line-height:var(--h2_typography-line-height);--awb-caption-title-letter-spacing:var(--h2_typography-letter-spacing);\"><span class=\" fusion-imageframe imageframe-none imageframe-6 hover-type-none\"><img decoding=\"async\" width=\"373\" height=\"200\" title=\"zapatos1\" src=\"https:\/\/santosmedical.com\/wp-content\/uploads\/2022\/07\/zapatos1.jpg\" alt class=\"img-responsive wp-image-1361\" srcset=\"https:\/\/santosmedical.com\/wp-content\/uploads\/2022\/07\/zapatos1-200x107.jpg 200w, https:\/\/santosmedical.com\/wp-content\/uploads\/2022\/07\/zapatos1.jpg 373w\" sizes=\"(max-width: 640px) 100vw, 373px\" \/><\/span><\/div><div class=\"fusion-title title fusion-title-6 fusion-sep-none fusion-title-text fusion-title-size-two\" style=\"--awb-text-color:var(--awb-custom_color_2);--awb-margin-top-small:10px;--awb-margin-right-small:0px;--awb-margin-bottom-small:10px;--awb-margin-left-small:0px;--awb-font-size:26px;\"><h2 class=\"fusion-title-heading title-heading-left\" style=\"font-family:&quot;Montserrat&quot;;font-style:normal;font-weight:500;margin:0;font-size:1em;\"><div id=\"pageContainer1\" class=\"_page_ysiwt_100 \" data-index=\"0\"><strong>Satisfacci\u00f3n garantizada<\/strong><\/div><\/h2><\/div><\/div><\/div><div class=\"fusion-layout-column fusion_builder_column fusion-builder-column-7 fusion_builder_column_1_3 1_3 fusion-flex-column\" style=\"--awb-bg-size:cover;--awb-width-large:33.333333333333%;--awb-margin-top-large:0px;--awb-spacing-right-large:5.76%;--awb-margin-bottom-large:20px;--awb-spacing-left-large:5.76%;--awb-width-medium:33.333333333333%;--awb-order-medium:0;--awb-spacing-right-medium:5.76%;--awb-spacing-left-medium:5.76%;--awb-width-small:100%;--awb-order-small:0;--awb-spacing-right-small:1.92%;--awb-spacing-left-small:1.92%;\"><div class=\"fusion-column-wrapper fusion-column-has-shadow fusion-flex-justify-content-flex-start fusion-content-layout-column\"><\/div><\/div><\/div><\/div><\/p>\n","protected":false},"excerpt":{"rendered":"","protected":false},"author":1,"featured_media":0,"parent":752,"menu_order":0,"comment_status":"closed","ping_status":"closed","template":"100-width.php","meta":{"footnotes":""},"class_list":["post-1356","page","type-page","status-publish","hentry"],"_links":{"self":[{"href":"https:\/\/santosmedical.com\/es\/wp-json\/wp\/v2\/pages\/1356","targetHints":{"allow":["GET"]}}],"collection":[{"href":"https:\/\/santosmedical.com\/es\/wp-json\/wp\/v2\/pages"}],"about":[{"href":"https:\/\/santosmedical.com\/es\/wp-json\/wp\/v2\/types\/page"}],"author":[{"embeddable":true,"href":"https:\/\/santosmedical.com\/es\/wp-json\/wp\/v2\/users\/1"}],"replies":[{"embeddable":true,"href":"https:\/\/santosmedical.com\/es\/wp-json\/wp\/v2\/comments?post=1356"}],"version-history":[{"count":8,"href":"https:\/\/santosmedical.com\/es\/wp-json\/wp\/v2\/pages\/1356\/revisions"}],"predecessor-version":[{"id":1970,"href":"https:\/\/santosmedical.com\/es\/wp-json\/wp\/v2\/pages\/1356\/revisions\/1970"}],"up":[{"embeddable":true,"href":"https:\/\/santosmedical.com\/es\/wp-json\/wp\/v2\/pages\/752"}],"wp:attachment":[{"href":"https:\/\/santosmedical.com\/es\/wp-json\/wp\/v2\/media?parent=1356"}],"curies":[{"name":"wp","href":"https:\/\/api.w.org\/{rel}","templated":true}]}}