{"id":1379,"date":"2022-07-29T17:07:31","date_gmt":"2022-07-29T17:07:31","guid":{"rendered":"https:\/\/brightwayseo.com\/?page_id=1379"},"modified":"2022-09-13T16:05:28","modified_gmt":"2022-09-13T16:05:28","slug":"preguntas-frequentes","status":"publish","type":"page","link":"https:\/\/santosmedical.com\/es\/preguntas-frequentes\/","title":{"rendered":"Preguntas Frequentes"},"content":{"rendered":"<div class=\"fusion-fullwidth fullwidth-box fusion-builder-row-1 fusion-flex-container has-pattern-background has-mask-background nonhundred-percent-fullwidth non-hundred-percent-height-scrolling\" style=\"--awb-border-radius-top-left:0px;--awb-border-radius-top-right:0px;--awb-border-radius-bottom-right:0px;--awb-border-radius-bottom-left:0px;--awb-background-color:#f3f6fa;--awb-flex-wrap:wrap;\" ><div class=\"fusion-builder-row fusion-row fusion-flex-align-items-flex-start fusion-flex-content-wrap\" style=\"max-width:1248px;margin-left: calc(-4% \/ 2 );margin-right: calc(-4% \/ 2 );\"><div class=\"fusion-layout-column fusion_builder_column fusion-builder-column-0 fusion_builder_column_1_1 1_1 fusion-flex-column\" style=\"--awb-bg-size:cover;--awb-width-large:100%;--awb-margin-top-large:0px;--awb-spacing-right-large:1.92%;--awb-margin-bottom-large:20px;--awb-spacing-left-large:1.92%;--awb-width-medium:100%;--awb-order-medium:0;--awb-spacing-right-medium:1.92%;--awb-spacing-left-medium:1.92%;--awb-width-small:100%;--awb-order-small:0;--awb-spacing-right-small:1.92%;--awb-spacing-left-small:1.92%;\"><div class=\"fusion-column-wrapper fusion-column-has-shadow fusion-flex-justify-content-flex-start fusion-content-layout-column\"><div class=\"fusion-title title fusion-title-1 fusion-sep-none fusion-title-text fusion-title-size-one\" style=\"--awb-text-color:var(--awb-custom_color_6);--awb-margin-top:20px;--awb-margin-bottom:20px;--awb-margin-top-small:10px;--awb-margin-right-small:0px;--awb-margin-bottom-small:10px;--awb-margin-left-small:0px;--awb-font-size:22px;\"><h1 class=\"fusion-title-heading title-heading-left\" style=\"font-family:&quot;Montserrat&quot;;font-style:normal;font-weight:400;margin:0;font-size:1em;\"><strong>Preguntas Frequentes<\/strong><\/h1><\/div><div class=\"fusion-separator\" style=\"align-self: flex-start;margin-right:auto;margin-bottom:20px;width:100%;max-width:25%;\"><div class=\"fusion-separator-border sep-single sep-solid\" style=\"--awb-height:20px;--awb-amount:20px;--awb-sep-color:var(--awb-custom_color_2);border-color:var(--awb-custom_color_2);border-top-width:1px;\"><\/div><\/div><div class=\"fusion-text fusion-text-1 fusion-text-no-margin\" style=\"--awb-margin-bottom:25px;\"><p>Con el fin de gestionar sus dudas a la mayor brevedad posible, a continuaci\u00f3n encontrar\u00e1 <strong>respuestas a las preguntas m\u00e1s frecuentes por nuestros pacientes y futuros pacientes<\/strong>.<\/p>\n<p>Si no encuentra en esta p\u00e1gina la respuesta a su consulta, no dude en comunicar con nosotros a trav\u00e9s de este <a href=\"https:\/\/santosmedical.com\/contacto\/\">formulario de contacto<\/a> o bien llame al (305) 424 2116. Nuestro Departamento de Atenci\u00f3n al Cliente le atender\u00e1 con inmediatez.<\/p>\n<\/div><div class=\"accordian fusion-accordian\" style=\"--awb-border-size:1px;--awb-icon-size:16px;--awb-content-font-size:15px;--awb-icon-alignment:left;--awb-hover-color:var(--awb-color2);--awb-border-color:var(--awb-color3);--awb-background-color:var(--awb-color1);--awb-divider-color:var(--awb-color3);--awb-divider-hover-color:var(--awb-color3);--awb-icon-color:var(--awb-color1);--awb-title-color:var(--awb-custom_color_2);--awb-content-color:var(--awb-custom_color_2);--awb-icon-box-color:var(--awb-custom_color_5);--awb-toggle-hover-accent-color:var(--awb-custom_color_6);--awb-toggle-active-accent-color:var(--awb-custom_color_5);--awb-title-font-family:&quot;Montserrat&quot;;--awb-title-font-weight:500;--awb-title-font-style:normal;--awb-title-font-size:15px;--awb-content-font-family:&quot;Montserrat&quot;;--awb-content-font-style:normal;--awb-content-font-weight:400;\"><div class=\"panel-group fusion-toggle-icon-boxed\" id=\"accordion-1379-1\"><div class=\"fusion-panel panel-default panel-cb66a9a0d96b0b546 fusion-toggle-no-divider fusion-toggle-boxed-mode\" style=\"--awb-title-color:var(--awb-color8);--awb-content-color:var(--awb-color8);\"><div class=\"panel-heading\"><h4 class=\"panel-title toggle\" id=\"toggle_cb66a9a0d96b0b546\"><a class=\"active\" aria-expanded=\"true\" aria-controls=\"cb66a9a0d96b0b546\" role=\"button\" data-toggle=\"collapse\" data-target=\"#cb66a9a0d96b0b546\" href=\"#cb66a9a0d96b0b546\"><span class=\"fusion-toggle-icon-wrapper\" aria-hidden=\"true\"><i class=\"fa-fusion-box active-icon awb-icon-minus\" aria-hidden=\"true\"><\/i><i class=\"fa-fusion-box inactive-icon awb-icon-plus\" aria-hidden=\"true\"><\/i><\/span><span class=\"fusion-toggle-heading\">\u00bfCu\u00e1l es el horario de Servicio de Atenci\u00f3n al Paciente?<\/span><\/a><\/h4><\/div><div id=\"cb66a9a0d96b0b546\" class=\"panel-collapse collapse in\" aria-labelledby=\"toggle_cb66a9a0d96b0b546\"><div class=\"panel-body toggle-content fusion-clearfix\">\n<p>Nuestros centros de salud est\u00e1n abiertos de lunes a viernes de 7:00 am a 5:00 pm.\u00a0 S\u00e1bados de 8am a 2pm. Ofrecemos Servicio de Emergencia 24\/7 a todos nuestros pacientes.<\/p>\n<\/div><\/div><\/div><div class=\"fusion-panel panel-default panel-67a4c4b51ade52ce2 fusion-toggle-no-divider fusion-toggle-boxed-mode\" style=\"--awb-title-color:var(--awb-color8);--awb-content-color:var(--awb-color8);\"><div class=\"panel-heading\"><h4 class=\"panel-title toggle\" id=\"toggle_67a4c4b51ade52ce2\"><a aria-expanded=\"false\" aria-controls=\"67a4c4b51ade52ce2\" role=\"button\" data-toggle=\"collapse\" data-target=\"#67a4c4b51ade52ce2\" href=\"#67a4c4b51ade52ce2\"><span class=\"fusion-toggle-icon-wrapper\" aria-hidden=\"true\"><i class=\"fa-fusion-box active-icon awb-icon-minus\" aria-hidden=\"true\"><\/i><i class=\"fa-fusion-box inactive-icon awb-icon-plus\" aria-hidden=\"true\"><\/i><\/span><span class=\"fusion-toggle-heading\">\u00bfTiene Santos Medical Centers un servicio de atenci\u00f3n integral?<\/span><\/a><\/h4><\/div><div id=\"67a4c4b51ade52ce2\" class=\"panel-collapse collapse \" aria-labelledby=\"toggle_67a4c4b51ade52ce2\"><div class=\"panel-body toggle-content fusion-clearfix\">\n<p>S\u00ed, contamos con un amplio equipo de doctores primarios y especialistas, todos bajo\u00a0 mismo techo\u00a0 Nuestros centros de salud integran 22 especialidades.<\/p>\n<\/div><\/div><\/div><div class=\"fusion-panel panel-default panel-5601812ef1632f850 fusion-toggle-no-divider fusion-toggle-boxed-mode\" style=\"--awb-title-color:var(--awb-color8);--awb-content-color:var(--awb-color8);\"><div class=\"panel-heading\"><h4 class=\"panel-title toggle\" id=\"toggle_5601812ef1632f850\"><a aria-expanded=\"false\" aria-controls=\"5601812ef1632f850\" role=\"button\" data-toggle=\"collapse\" data-target=\"#5601812ef1632f850\" href=\"#5601812ef1632f850\"><span class=\"fusion-toggle-icon-wrapper\" aria-hidden=\"true\"><i class=\"fa-fusion-box active-icon awb-icon-minus\" aria-hidden=\"true\"><\/i><i class=\"fa-fusion-box inactive-icon awb-icon-plus\" aria-hidden=\"true\"><\/i><\/span><span class=\"fusion-toggle-heading\">\u00bfQu\u00e9 debo hacer para programar una cita previa con el doctor?<\/span><\/a><\/h4><\/div><div id=\"5601812ef1632f850\" class=\"panel-collapse collapse \" aria-labelledby=\"toggle_5601812ef1632f850\"><div class=\"panel-body toggle-content fusion-clearfix\">\n<p>Tan solo tiene que llamar al (305) 424 2116 e inmediatamente concertaremos una cita con su doctor primario o especialista.<\/p>\n<\/div><\/div><\/div><div class=\"fusion-panel panel-default panel-210b930decaeae57f fusion-toggle-no-divider fusion-toggle-boxed-mode\" style=\"--awb-title-color:var(--awb-color8);--awb-content-color:var(--awb-color8);\"><div class=\"panel-heading\"><h4 class=\"panel-title toggle\" id=\"toggle_210b930decaeae57f\"><a aria-expanded=\"false\" aria-controls=\"210b930decaeae57f\" role=\"button\" data-toggle=\"collapse\" data-target=\"#210b930decaeae57f\" href=\"#210b930decaeae57f\"><span class=\"fusion-toggle-icon-wrapper\" aria-hidden=\"true\"><i class=\"fa-fusion-box active-icon awb-icon-minus\" aria-hidden=\"true\"><\/i><i class=\"fa-fusion-box inactive-icon awb-icon-plus\" aria-hidden=\"true\"><\/i><\/span><span class=\"fusion-toggle-heading\">\u00bfTienen servicio de transporte?<\/span><\/a><\/h4><\/div><div id=\"210b930decaeae57f\" class=\"panel-collapse collapse \" aria-labelledby=\"toggle_210b930decaeae57f\"><div class=\"panel-body toggle-content fusion-clearfix\">\n<p>Si, Santos Medical Centers dispone de una flota de veh\u00edculos personalizados acorde a sus necesidades. Nuestros choferes se encargan de llevarle desde y hacia su casa cuando usted lo solicite.<\/p>\n<\/div><\/div><\/div><div class=\"fusion-panel panel-default panel-2d2a7906360ac78c8 fusion-toggle-no-divider fusion-toggle-boxed-mode\" style=\"--awb-title-color:var(--awb-color8);--awb-content-color:var(--awb-color8);\"><div class=\"panel-heading\"><h4 class=\"panel-title toggle\" id=\"toggle_2d2a7906360ac78c8\"><a aria-expanded=\"false\" aria-controls=\"2d2a7906360ac78c8\" role=\"button\" data-toggle=\"collapse\" data-target=\"#2d2a7906360ac78c8\" href=\"#2d2a7906360ac78c8\"><span class=\"fusion-toggle-icon-wrapper\" aria-hidden=\"true\"><i class=\"fa-fusion-box active-icon awb-icon-minus\" aria-hidden=\"true\"><\/i><i class=\"fa-fusion-box inactive-icon awb-icon-plus\" aria-hidden=\"true\"><\/i><\/span><span class=\"fusion-toggle-heading\">Soy paciente de la cl\u00ednica y tengo una urgencia, \u00bfpuedo ver a mi doctor primario? <\/span><\/a><\/h4><\/div><div id=\"2d2a7906360ac78c8\" class=\"panel-collapse collapse \" aria-labelledby=\"toggle_2d2a7906360ac78c8\"><div class=\"panel-body toggle-content fusion-clearfix\">\n<p>S\u00ed, los doctores primarios est\u00e1n a su disposici\u00f3n las 24 horas del d\u00eda, los siete d\u00edas de la semana.<\/p>\n<\/div><\/div><\/div><div class=\"fusion-panel panel-default panel-c7b9c4cd8e49e77ad fusion-toggle-no-divider fusion-toggle-boxed-mode\" style=\"--awb-title-color:var(--awb-color8);--awb-content-color:var(--awb-color8);\"><div class=\"panel-heading\"><h4 class=\"panel-title toggle\" id=\"toggle_c7b9c4cd8e49e77ad\"><a aria-expanded=\"false\" aria-controls=\"c7b9c4cd8e49e77ad\" role=\"button\" data-toggle=\"collapse\" data-target=\"#c7b9c4cd8e49e77ad\" href=\"#c7b9c4cd8e49e77ad\"><span class=\"fusion-toggle-icon-wrapper\" aria-hidden=\"true\"><i class=\"fa-fusion-box active-icon awb-icon-minus\" aria-hidden=\"true\"><\/i><i class=\"fa-fusion-box inactive-icon awb-icon-plus\" aria-hidden=\"true\"><\/i><\/span><span class=\"fusion-toggle-heading\">Soy paciente de Santos Medical Centers, \u00bflos servicios tienen copago?<\/span><\/a><\/h4><\/div><div id=\"c7b9c4cd8e49e77ad\" class=\"panel-collapse collapse \" aria-labelledby=\"toggle_c7b9c4cd8e49e77ad\"><div class=\"panel-body toggle-content fusion-clearfix\">\n<p>No, nuestros pacientes disfrutan de todos los servicios y tratamientos que ofrecen nuestros centros sin copago.<\/p>\n<\/div><\/div><\/div><div class=\"fusion-panel panel-default panel-938f7a2746e0b60fb fusion-toggle-no-divider fusion-toggle-boxed-mode\" style=\"--awb-title-color:var(--awb-color8);--awb-content-color:var(--awb-color8);\"><div class=\"panel-heading\"><h4 class=\"panel-title toggle\" id=\"toggle_938f7a2746e0b60fb\"><a aria-expanded=\"false\" aria-controls=\"938f7a2746e0b60fb\" role=\"button\" data-toggle=\"collapse\" data-target=\"#938f7a2746e0b60fb\" href=\"#938f7a2746e0b60fb\"><span class=\"fusion-toggle-icon-wrapper\" aria-hidden=\"true\"><i class=\"fa-fusion-box active-icon awb-icon-minus\" aria-hidden=\"true\"><\/i><i class=\"fa-fusion-box inactive-icon awb-icon-plus\" aria-hidden=\"true\"><\/i><\/span><span class=\"fusion-toggle-heading\">Ofrecen tratamientos para el hongo de las u\u00f1as?\u2028<\/span><\/a><\/h4><\/div><div id=\"938f7a2746e0b60fb\" class=\"panel-collapse collapse \" aria-labelledby=\"toggle_938f7a2746e0b60fb\"><div class=\"panel-body toggle-content fusion-clearfix\">\n<p>S\u00ed, contamos con el tratamiento l\u00e1ser \u00faltima tecnolog\u00eda, no invasivo e indoloro, con garant\u00eda en sus resultados.<\/p>\n<\/div><\/div><\/div><div class=\"fusion-panel panel-default panel-7be1fb22fb0b23377 fusion-toggle-no-divider fusion-toggle-boxed-mode\" style=\"--awb-title-color:var(--awb-color8);--awb-content-color:var(--awb-color8);\"><div class=\"panel-heading\"><h4 class=\"panel-title toggle\" id=\"toggle_7be1fb22fb0b23377\"><a aria-expanded=\"false\" aria-controls=\"7be1fb22fb0b23377\" role=\"button\" data-toggle=\"collapse\" data-target=\"#7be1fb22fb0b23377\" href=\"#7be1fb22fb0b23377\"><span class=\"fusion-toggle-icon-wrapper\" aria-hidden=\"true\"><i class=\"fa-fusion-box active-icon awb-icon-minus\" aria-hidden=\"true\"><\/i><i class=\"fa-fusion-box inactive-icon awb-icon-plus\" aria-hidden=\"true\"><\/i><\/span><span class=\"fusion-toggle-heading\">\u00bfTienen copago los espejuelos?<\/span><\/a><\/h4><\/div><div id=\"7be1fb22fb0b23377\" class=\"panel-collapse collapse \" aria-labelledby=\"toggle_7be1fb22fb0b23377\"><div class=\"panel-body toggle-content fusion-clearfix\">\n<p>No, todos los costos de los espejuelos est\u00e1n incluidos en su seguro. Nuestros servicios no tienen copago.<\/p>\n<\/div><\/div><\/div><div class=\"fusion-panel panel-default panel-238fa75b49c9e19d9 fusion-toggle-no-divider fusion-toggle-boxed-mode\" style=\"--awb-title-color:var(--awb-color8);--awb-content-color:var(--awb-color8);\"><div class=\"panel-heading\"><h4 class=\"panel-title toggle\" id=\"toggle_238fa75b49c9e19d9\"><a aria-expanded=\"false\" aria-controls=\"238fa75b49c9e19d9\" role=\"button\" data-toggle=\"collapse\" data-target=\"#238fa75b49c9e19d9\" href=\"#238fa75b49c9e19d9\"><span class=\"fusion-toggle-icon-wrapper\" aria-hidden=\"true\"><i class=\"fa-fusion-box active-icon awb-icon-minus\" aria-hidden=\"true\"><\/i><i class=\"fa-fusion-box inactive-icon awb-icon-plus\" aria-hidden=\"true\"><\/i><\/span><span class=\"fusion-toggle-heading\">\u00bfMe pueden arreglar los espejuelos en el mismo d\u00eda? <\/span><\/a><\/h4><\/div><div id=\"238fa75b49c9e19d9\" class=\"panel-collapse collapse \" aria-labelledby=\"toggle_238fa75b49c9e19d9\"><div class=\"panel-body toggle-content fusion-clearfix\">\n<p>S\u00ed, dir\u00edjase a su centro o contacte con nuestro Servicio de Atenci\u00f3n al Cliente. Le concertaremos una cita en el mismo d\u00eda para que sus lentes sean reparadas al momento.<\/p>\n<\/div><\/div><\/div><div class=\"fusion-panel panel-default panel-735f8e1f3979b85ce fusion-toggle-no-divider fusion-toggle-boxed-mode\" style=\"--awb-title-color:var(--awb-color8);--awb-content-color:var(--awb-color8);\"><div class=\"panel-heading\"><h4 class=\"panel-title toggle\" id=\"toggle_735f8e1f3979b85ce\"><a aria-expanded=\"false\" aria-controls=\"735f8e1f3979b85ce\" role=\"button\" data-toggle=\"collapse\" data-target=\"#735f8e1f3979b85ce\" href=\"#735f8e1f3979b85ce\"><span class=\"fusion-toggle-icon-wrapper\" aria-hidden=\"true\"><i class=\"fa-fusion-box active-icon awb-icon-minus\" aria-hidden=\"true\"><\/i><i class=\"fa-fusion-box inactive-icon awb-icon-plus\" aria-hidden=\"true\"><\/i><\/span><span class=\"fusion-toggle-heading\">\u00bfOfrecen servicios de Dental?<\/span><\/a><\/h4><\/div><div id=\"735f8e1f3979b85ce\" class=\"panel-collapse collapse \" aria-labelledby=\"toggle_735f8e1f3979b85ce\"><div class=\"panel-body toggle-content fusion-clearfix\">\n<p>S\u00ed,\u00a0 contamos con un gran equipo de dentistas especializados en la salud de las personas de la tercera edad. Disponemos de amplias salas esquipadas con la ultima tecnolog\u00eda.<\/p>\n<\/div><\/div><\/div><div class=\"fusion-panel panel-default panel-59d880974f4344007 fusion-toggle-no-divider fusion-toggle-boxed-mode\" style=\"--awb-title-color:var(--awb-color8);--awb-content-color:var(--awb-color8);\"><div class=\"panel-heading\"><h4 class=\"panel-title toggle\" id=\"toggle_59d880974f4344007\"><a aria-expanded=\"false\" aria-controls=\"59d880974f4344007\" role=\"button\" data-toggle=\"collapse\" data-target=\"#59d880974f4344007\" href=\"#59d880974f4344007\"><span class=\"fusion-toggle-icon-wrapper\" aria-hidden=\"true\"><i class=\"fa-fusion-box active-icon awb-icon-minus\" aria-hidden=\"true\"><\/i><i class=\"fa-fusion-box inactive-icon awb-icon-plus\" aria-hidden=\"true\"><\/i><\/span><span class=\"fusion-toggle-heading\">\u00bfTienen copago los servicios del Dental?<\/span><\/a><\/h4><\/div><div id=\"59d880974f4344007\" class=\"panel-collapse collapse \" aria-labelledby=\"toggle_59d880974f4344007\"><div class=\"panel-body toggle-content fusion-clearfix\">\n<p>No, todos los servicios de dental est\u00e1n incluidos en su seguro y no tienen copago.\u00a0 \u00a0Usted ser\u00e1 atendido sin necesidad de hacer ning\u00fan reembolso en los tratamientos de coronas, implantes dentales, empastes, tratamientos de conducto (Root Canal), limpiezas dentales entre otros.<\/p>\n<\/div><\/div><\/div><div class=\"fusion-panel panel-default panel-aa33513dbac1ec65c fusion-toggle-no-divider fusion-toggle-boxed-mode\" style=\"--awb-title-color:var(--awb-color8);--awb-content-color:var(--awb-color8);\"><div class=\"panel-heading\"><h4 class=\"panel-title toggle\" id=\"toggle_aa33513dbac1ec65c\"><a aria-expanded=\"false\" aria-controls=\"aa33513dbac1ec65c\" role=\"button\" data-toggle=\"collapse\" data-target=\"#aa33513dbac1ec65c\" href=\"#aa33513dbac1ec65c\"><span class=\"fusion-toggle-icon-wrapper\" aria-hidden=\"true\"><i class=\"fa-fusion-box active-icon awb-icon-minus\" aria-hidden=\"true\"><\/i><i class=\"fa-fusion-box inactive-icon awb-icon-plus\" aria-hidden=\"true\"><\/i><\/span><span class=\"fusion-toggle-heading\">Necesito hacer una cita previa?<\/span><\/a><\/h4><\/div><div id=\"aa33513dbac1ec65c\" class=\"panel-collapse collapse \" aria-labelledby=\"toggle_aa33513dbac1ec65c\"><div class=\"panel-body toggle-content fusion-clearfix\">\n<p>Cont\u00e1ctanos a (305) 424 &#8211; 2116 y enseguida le agendamos una cita con su doctor primario o especialista.<\/p>\n<\/div><\/div><\/div><\/div><\/div><\/div><\/div><\/div><\/div>\n","protected":false},"excerpt":{"rendered":"","protected":false},"author":1,"featured_media":0,"parent":0,"menu_order":0,"comment_status":"closed","ping_status":"closed","template":"100-width.php","meta":{"footnotes":""},"class_list":["post-1379","page","type-page","status-publish","hentry"],"_links":{"self":[{"href":"https:\/\/santosmedical.com\/es\/wp-json\/wp\/v2\/pages\/1379","targetHints":{"allow":["GET"]}}],"collection":[{"href":"https:\/\/santosmedical.com\/es\/wp-json\/wp\/v2\/pages"}],"about":[{"href":"https:\/\/santosmedical.com\/es\/wp-json\/wp\/v2\/types\/page"}],"author":[{"embeddable":true,"href":"https:\/\/santosmedical.com\/es\/wp-json\/wp\/v2\/users\/1"}],"replies":[{"embeddable":true,"href":"https:\/\/santosmedical.com\/es\/wp-json\/wp\/v2\/comments?post=1379"}],"version-history":[{"count":6,"href":"https:\/\/santosmedical.com\/es\/wp-json\/wp\/v2\/pages\/1379\/revisions"}],"predecessor-version":[{"id":1703,"href":"https:\/\/santosmedical.com\/es\/wp-json\/wp\/v2\/pages\/1379\/revisions\/1703"}],"wp:attachment":[{"href":"https:\/\/santosmedical.com\/es\/wp-json\/wp\/v2\/media?parent=1379"}],"curies":[{"name":"wp","href":"https:\/\/api.w.org\/{rel}","templated":true}]}}