{"id":3631,"date":"2025-03-27T18:59:29","date_gmt":"2025-03-27T18:59:29","guid":{"rendered":"https:\/\/santosmedical.com\/oxigenoterapia-hiperbarica\/"},"modified":"2025-04-01T19:52:36","modified_gmt":"2025-04-01T19:52:36","slug":"oxigenoterapia-hiperbarica","status":"publish","type":"page","link":"https:\/\/santosmedical.com\/es\/oxigenoterapia-hiperbarica\/","title":{"rendered":"Oxigenoterapia hiperb\u00e1rica"},"content":{"rendered":"<p><div class=\"fusion-fullwidth fullwidth-box fusion-builder-row-1 fusion-flex-container nonhundred-percent-fullwidth non-hundred-percent-height-scrolling\" style=\"--link_color: rgba(0,0,0,0.23);--awb-border-radius-top-left:0px;--awb-border-radius-top-right:0px;--awb-border-radius-bottom-right:0px;--awb-border-radius-bottom-left:0px;--awb-padding-top:20px;--awb-margin-bottom:40px;--awb-background-color:#f3f6fa;--awb-flex-wrap:wrap;\" ><div class=\"fusion-builder-row fusion-row fusion-flex-align-items-flex-start fusion-flex-content-wrap\" style=\"max-width:1248px;margin-left: calc(-4% \/ 2 );margin-right: calc(-4% \/ 2 );\"><div class=\"fusion-layout-column fusion_builder_column fusion-builder-column-0 fusion_builder_column_1_2 1_2 fusion-flex-column\" style=\"--awb-bg-size:cover;--awb-width-large:50%;--awb-margin-top-large:0px;--awb-spacing-right-large:3.84%;--awb-margin-bottom-large:20px;--awb-spacing-left-large:3.84%;--awb-width-medium:50%;--awb-order-medium:0;--awb-spacing-right-medium:3.84%;--awb-spacing-left-medium:3.84%;--awb-width-small:100%;--awb-order-small:0;--awb-spacing-right-small:1.92%;--awb-spacing-left-small:1.92%;\"><div class=\"fusion-column-wrapper fusion-column-has-shadow fusion-flex-justify-content-flex-start fusion-content-layout-column\"><div class=\"fusion-text fusion-text-1\" style=\"--awb-font-size:22px;--awb-text-color:var(--awb-custom_color_3);--awb-text-font-family:&quot;Montserrat&quot;;--awb-text-font-style:normal;--awb-text-font-weight:400;\"><p><strong>Servicios<\/strong><\/p>\n<\/div><div class=\"fusion-separator\" style=\"align-self: flex-start;margin-right:auto;margin-bottom:15px;width:100%;max-width:25%;\"><div class=\"fusion-separator-border sep-single sep-solid\" style=\"--awb-height:20px;--awb-amount:20px;--awb-sep-color:#5e7385;border-color:#5e7385;border-top-width:1px;\"><\/div><\/div><div class=\"fusion-text fusion-text-2\" style=\"--awb-font-size:40px;--awb-text-color:var(--awb-custom_color_2);--awb-text-font-family:&quot;Montserrat&quot;;--awb-text-font-style:normal;--awb-text-font-weight:400;\"><p><strong>Oxigenoterapia Hiperb\u00e1rica (TOHB)<\/strong><\/p>\n<\/div><div class=\"fusion-separator fusion-full-width-sep\" style=\"align-self: center;margin-left: auto;margin-right: auto;margin-bottom:15px;width:100%;\"><div class=\"fusion-separator-border sep-single sep-solid\" style=\"--awb-height:20px;--awb-amount:20px;--awb-sep-color:#5e7385;border-color:#5e7385;border-top-width:1px;\"><\/div><\/div><div class=\"fusion-text fusion-text-3\" style=\"--awb-font-size:16PX;--awb-text-color:#5e7385;--awb-text-font-family:&quot;Montserrat&quot;;--awb-text-font-style:normal;--awb-text-font-weight:400;\"><p>Experimenta el poder transformador de la Terapia Hiperb\u00e1rica con Ox\u00edgeno (TOHB) en los Centros M\u00e9dicos Santos. Nuestras c\u00e1maras de ox\u00edgeno hiperb\u00e1rico de \u00faltima generaci\u00f3n suministran ox\u00edgeno puro a mayor presi\u00f3n atmosf\u00e9rica, lo que favorece la curaci\u00f3n acelerada, reduce la inflamaci\u00f3n y mejora el bienestar general de nuestros pacientes mayores.<\/p>\n<\/div><\/div><\/div><div class=\"fusion-layout-column fusion_builder_column fusion-builder-column-1 fusion_builder_column_1_2 1_2 fusion-flex-column benefites-video\" style=\"--awb-bg-size:cover;--awb-width-large:50%;--awb-margin-top-large:0px;--awb-spacing-right-large:3.84%;--awb-margin-bottom-large:20px;--awb-spacing-left-large:3.84%;--awb-width-medium:50%;--awb-order-medium:0;--awb-spacing-right-medium:3.84%;--awb-spacing-left-medium:3.84%;--awb-width-small:100%;--awb-order-small:0;--awb-spacing-right-small:1.92%;--awb-spacing-left-small:1.92%;\"><div class=\"fusion-column-wrapper fusion-column-has-shadow fusion-flex-justify-content-flex-start fusion-content-layout-column\"><div class=\"fusion-video fusion-youtube\" style=\"--awb-max-width:610px;--awb-max-height:340px;--awb-align-self:center;--awb-width:100%;--awb-margin-top:15px;\" itemscope itemtype=\"http:\/\/schema.org\/VideoObject\"><meta itemprop=\"name\" content=\"La C\u00e1mara Hiperb\u00e1rica: Tecnolog\u00eda Avanzada para el Bienestar de Nuestros Adultos Mayores\" \/><meta itemprop=\"uploadDate\" content=\"2025-03-26\" \/><meta itemprop=\"thumbnailUrl\" content=\"https:\/\/i3.ytimg.com\/vi\/4AVPOU1kSqw\/hqdefault.jpg\" \/><meta itemprop=\"embedUrl\" content=\"https:\/\/www.youtube.com\/embed\/4AVPOU1kSqw\" \/><div class=\"video-shortcode\"><div class=\"fluid-width-video-wrapper\" style=\"padding-top:55.74%;\" ><iframe title=\"YouTube video player 1\" src=\"https:\/\/www.youtube.com\/embed\/4AVPOU1kSqw?wmode=transparent&autoplay=0\" width=\"610\" height=\"340\" allowfullscreen allow=\"autoplay; clipboard-write; encrypted-media; gyroscope; picture-in-picture;\"><\/iframe><\/div><\/div><\/div><\/div><\/div><\/div><\/div><div class=\"fusion-fullwidth fullwidth-box fusion-builder-row-2 fusion-flex-container nonhundred-percent-fullwidth non-hundred-percent-height-scrolling\" style=\"--awb-border-radius-top-left:0px;--awb-border-radius-top-right:0px;--awb-border-radius-bottom-right:0px;--awb-border-radius-bottom-left:0px;--awb-flex-wrap:wrap;\" ><div class=\"fusion-builder-row fusion-row fusion-flex-align-items-flex-start fusion-flex-content-wrap\" style=\"max-width:1248px;margin-left: calc(-4% \/ 2 );margin-right: calc(-4% \/ 2 );\"><div class=\"fusion-layout-column fusion_builder_column fusion-builder-column-2 fusion_builder_column_1_3 1_3 fusion-flex-column\" style=\"--awb-bg-size:cover;--awb-width-large:33.333333333333%;--awb-margin-top-large:0px;--awb-spacing-right-large:5.76%;--awb-margin-bottom-large:20px;--awb-spacing-left-large:5.76%;--awb-width-medium:33.333333333333%;--awb-order-medium:0;--awb-spacing-right-medium:5.76%;--awb-spacing-left-medium:5.76%;--awb-width-small:100%;--awb-order-small:0;--awb-spacing-right-small:1.92%;--awb-spacing-left-small:1.92%;\"><div class=\"fusion-column-wrapper fusion-column-has-shadow fusion-flex-justify-content-flex-start fusion-content-layout-column\"><div class=\"fusion-image-element \" style=\"--awb-caption-title-font-family:var(--h2_typography-font-family);--awb-caption-title-font-weight:var(--h2_typography-font-weight);--awb-caption-title-font-style:var(--h2_typography-font-style);--awb-caption-title-size:var(--h2_typography-font-size);--awb-caption-title-transform:var(--h2_typography-text-transform);--awb-caption-title-line-height:var(--h2_typography-line-height);--awb-caption-title-letter-spacing:var(--h2_typography-letter-spacing);\"><span class=\" fusion-imageframe imageframe-none imageframe-1 hover-type-none\"><img decoding=\"async\" width=\"373\" height=\"200\" alt=\"Hyperbaric Oxygen Therapy\" title=\"3\" src=\"https:\/\/santosmedical.com\/wp-content\/uploads\/2025\/03\/3.jpg\" class=\"img-responsive wp-image-3627\" srcset=\"https:\/\/santosmedical.com\/wp-content\/uploads\/2025\/03\/3-200x107.jpg 200w, https:\/\/santosmedical.com\/wp-content\/uploads\/2025\/03\/3.jpg 373w\" sizes=\"(max-width: 640px) 100vw, 373px\" \/><\/span><\/div><div class=\"fusion-title title fusion-title-1 fusion-sep-none fusion-title-text fusion-title-size-two\" style=\"--awb-text-color:var(--awb-custom_color_2);--awb-margin-top-small:10px;--awb-margin-right-small:0px;--awb-margin-bottom-small:10px;--awb-margin-left-small:0px;--awb-font-size:26px;\"><h2 class=\"fusion-title-heading title-heading-left\" style=\"font-family:&quot;Montserrat&quot;;font-style:normal;font-weight:500;margin:0;font-size:1em;\"><strong>Curaci\u00f3n y Recuperaci\u00f3n Aceleradas<\/strong><\/h2><\/div><div class=\"fusion-text fusion-text-4\"><p>Nuestra oxigenoterapia hiperb\u00e1rica crea un entorno \u00f3ptimo de curaci\u00f3n al aumentar significativamente los niveles de ox\u00edgeno en el torrente sangu\u00edneo. Esta oxigenaci\u00f3n mejorada ayuda a reparar m\u00e1s r\u00e1pidamente los tejidos da\u00f1ados, reduce la hinchaz\u00f3n y favorece la regeneraci\u00f3n celular. La OTHB ha demostrado resultados notables en pacientes que se recuperan de una intervenci\u00f3n quir\u00fargica, tratan heridas cr\u00f3nicas y se curan de diversas lesiones, lo que te permite reincorporarte antes a tu estilo de vida activo.<\/p>\n<\/div><\/div><\/div><div class=\"fusion-layout-column fusion_builder_column fusion-builder-column-3 fusion_builder_column_1_3 1_3 fusion-flex-column\" style=\"--awb-bg-size:cover;--awb-width-large:33.333333333333%;--awb-margin-top-large:0px;--awb-spacing-right-large:5.76%;--awb-margin-bottom-large:20px;--awb-spacing-left-large:5.76%;--awb-width-medium:33.333333333333%;--awb-order-medium:0;--awb-spacing-right-medium:5.76%;--awb-spacing-left-medium:5.76%;--awb-width-small:100%;--awb-order-small:0;--awb-spacing-right-small:1.92%;--awb-spacing-left-small:1.92%;\"><div class=\"fusion-column-wrapper fusion-column-has-shadow fusion-flex-justify-content-flex-start fusion-content-layout-column\"><div class=\"fusion-image-element \" style=\"--awb-caption-title-font-family:var(--h2_typography-font-family);--awb-caption-title-font-weight:var(--h2_typography-font-weight);--awb-caption-title-font-style:var(--h2_typography-font-style);--awb-caption-title-size:var(--h2_typography-font-size);--awb-caption-title-transform:var(--h2_typography-text-transform);--awb-caption-title-line-height:var(--h2_typography-line-height);--awb-caption-title-letter-spacing:var(--h2_typography-letter-spacing);\"><span class=\" fusion-imageframe imageframe-none imageframe-2 hover-type-none\"><img decoding=\"async\" width=\"373\" height=\"200\" alt=\"Hyperbaric oxygen therapy (HBOT)\" title=\"1\" src=\"https:\/\/santosmedical.com\/wp-content\/uploads\/2025\/03\/1.jpg\" class=\"img-responsive wp-image-3623\" srcset=\"https:\/\/santosmedical.com\/wp-content\/uploads\/2025\/03\/1-200x107.jpg 200w, https:\/\/santosmedical.com\/wp-content\/uploads\/2025\/03\/1.jpg 373w\" sizes=\"(max-width: 640px) 100vw, 373px\" \/><\/span><\/div><div class=\"fusion-title title fusion-title-2 fusion-sep-none fusion-title-text fusion-title-size-two\" style=\"--awb-text-color:var(--awb-custom_color_2);--awb-margin-top-small:10px;--awb-margin-right-small:0px;--awb-margin-bottom-small:10px;--awb-margin-left-small:0px;--awb-font-size:26px;\"><h2 class=\"fusion-title-heading title-heading-left\" style=\"font-family:&quot;Montserrat&quot;;font-style:normal;font-weight:500;margin:0;font-size:1em;\"><strong>Mejora la Funci\u00f3n Cognitiva y la Vitalidad<\/strong><\/h2><\/div><div class=\"fusion-text fusion-text-5\"><p>La TOHB proporciona beneficios revitalizantes para la salud cerebral y la claridad mental. El aumento del flujo de ox\u00edgeno nutre las c\u00e9lulas cerebrales, mejorando potencialmente la memoria, la concentraci\u00f3n y el rendimiento cognitivo general. Muchos de nuestros pacientes afirman sentirse con m\u00e1s energ\u00eda, alerta y agudeza mental tras completar sus sesiones de tratamiento. Experimenta los efectos rejuvenecedores de una oxigenaci\u00f3n \u00f3ptima en todo tu cuerpo.<\/p>\n<\/div><\/div><\/div><div class=\"fusion-layout-column fusion_builder_column fusion-builder-column-4 fusion_builder_column_1_3 1_3 fusion-flex-column\" style=\"--awb-bg-size:cover;--awb-width-large:33.333333333333%;--awb-margin-top-large:0px;--awb-spacing-right-large:5.76%;--awb-margin-bottom-large:20px;--awb-spacing-left-large:5.76%;--awb-width-medium:33.333333333333%;--awb-order-medium:0;--awb-spacing-right-medium:5.76%;--awb-spacing-left-medium:5.76%;--awb-width-small:100%;--awb-order-small:0;--awb-spacing-right-small:1.92%;--awb-spacing-left-small:1.92%;\"><div class=\"fusion-column-wrapper fusion-column-has-shadow fusion-flex-justify-content-flex-start fusion-content-layout-column\"><div class=\"fusion-image-element \" style=\"--awb-caption-title-font-family:var(--h2_typography-font-family);--awb-caption-title-font-weight:var(--h2_typography-font-weight);--awb-caption-title-font-style:var(--h2_typography-font-style);--awb-caption-title-size:var(--h2_typography-font-size);--awb-caption-title-transform:var(--h2_typography-text-transform);--awb-caption-title-line-height:var(--h2_typography-line-height);--awb-caption-title-letter-spacing:var(--h2_typography-letter-spacing);\"><span class=\" fusion-imageframe imageframe-none imageframe-3 hover-type-none\"><img decoding=\"async\" width=\"373\" height=\"200\" alt=\"Accelerated Healing and Recovery\n\" title=\"2\" src=\"https:\/\/santosmedical.com\/wp-content\/uploads\/2025\/03\/2.jpg\" class=\"img-responsive wp-image-3625\" srcset=\"https:\/\/santosmedical.com\/wp-content\/uploads\/2025\/03\/2-200x107.jpg 200w, https:\/\/santosmedical.com\/wp-content\/uploads\/2025\/03\/2.jpg 373w\" sizes=\"(max-width: 640px) 100vw, 373px\" \/><\/span><\/div><div class=\"fusion-title title fusion-title-3 fusion-sep-none fusion-title-text fusion-title-size-two\" style=\"--awb-text-color:var(--awb-custom_color_2);--awb-margin-top-small:10px;--awb-margin-right-small:0px;--awb-margin-bottom-small:10px;--awb-margin-left-small:0px;--awb-font-size:26px;\"><h2 class=\"fusion-title-heading title-heading-left\" style=\"font-family:&quot;Montserrat&quot;;font-style:normal;font-weight:500;margin:0;font-size:1em;\"><strong>Apoyo Integral al Bienestar<\/strong><\/h2><\/div><div class=\"fusion-text fusion-text-6\"><p>En los Centros M\u00e9dicos Santos, integramos la TOHB en nuestro enfoque de bienestar integral. Nuestros t\u00e9cnicos especializados y profesionales m\u00e9dicos crean planes de tratamiento personalizados que combinan la terapia hiperb\u00e1rica con servicios complementarios como fisioterapia y t\u00e9cnicas de control del estr\u00e9s. Esta estrategia hol\u00edstica aborda tanto tus problemas de salud inmediatos como tus objetivos de bienestar a largo plazo, capacit\u00e1ndote para prosperar con renovado vigor y confianza.  <\/p>\n<\/div><\/div><\/div><div class=\"fusion-layout-column fusion_builder_column fusion-builder-column-5 fusion_builder_column_1_3 1_3 fusion-flex-column\" style=\"--awb-bg-size:cover;--awb-width-large:33.333333333333%;--awb-margin-top-large:0px;--awb-spacing-right-large:5.76%;--awb-margin-bottom-large:20px;--awb-spacing-left-large:5.76%;--awb-width-medium:33.333333333333%;--awb-order-medium:0;--awb-spacing-right-medium:5.76%;--awb-spacing-left-medium:5.76%;--awb-width-small:100%;--awb-order-small:0;--awb-spacing-right-small:1.92%;--awb-spacing-left-small:1.92%;\"><div class=\"fusion-column-wrapper fusion-column-has-shadow fusion-flex-justify-content-flex-start fusion-content-layout-column\"><div class=\"fusion-separator fusion-full-width-sep\" style=\"align-self: center;margin-left: auto;margin-right: auto;width:100%;\"><div class=\"fusion-separator-border sep-single sep-solid\" style=\"--awb-height:20px;--awb-amount:20px;--awb-sep-color:var(--awb-custom_color_2);border-color:var(--awb-custom_color_2);border-top-width:1px;\"><\/div><\/div><\/div><\/div><div class=\"fusion-layout-column fusion_builder_column fusion-builder-column-6 fusion_builder_column_1_3 1_3 fusion-flex-column\" style=\"--awb-bg-size:cover;--awb-width-large:33.333333333333%;--awb-margin-top-large:0px;--awb-spacing-right-large:5.76%;--awb-margin-bottom-large:20px;--awb-spacing-left-large:5.76%;--awb-width-medium:33.333333333333%;--awb-order-medium:0;--awb-spacing-right-medium:5.76%;--awb-spacing-left-medium:5.76%;--awb-width-small:100%;--awb-order-small:0;--awb-spacing-right-small:1.92%;--awb-spacing-left-small:1.92%;\"><div class=\"fusion-column-wrapper fusion-column-has-shadow fusion-flex-justify-content-flex-start fusion-content-layout-column\"><div class=\"fusion-separator fusion-full-width-sep\" style=\"align-self: center;margin-left: auto;margin-right: auto;width:100%;\"><div class=\"fusion-separator-border sep-single sep-solid\" style=\"--awb-height:20px;--awb-amount:20px;--awb-sep-color:var(--awb-custom_color_2);border-color:var(--awb-custom_color_2);border-top-width:1px;\"><\/div><\/div><\/div><\/div><div class=\"fusion-layout-column fusion_builder_column fusion-builder-column-7 fusion_builder_column_1_3 1_3 fusion-flex-column\" style=\"--awb-bg-size:cover;--awb-width-large:33.333333333333%;--awb-margin-top-large:0px;--awb-spacing-right-large:5.76%;--awb-margin-bottom-large:20px;--awb-spacing-left-large:5.76%;--awb-width-medium:33.333333333333%;--awb-order-medium:0;--awb-spacing-right-medium:5.76%;--awb-spacing-left-medium:5.76%;--awb-width-small:100%;--awb-order-small:0;--awb-spacing-right-small:1.92%;--awb-spacing-left-small:1.92%;\"><div class=\"fusion-column-wrapper fusion-column-has-shadow fusion-flex-justify-content-flex-start fusion-content-layout-column\"><div class=\"fusion-separator fusion-full-width-sep\" style=\"align-self: center;margin-left: auto;margin-right: auto;width:100%;\"><div class=\"fusion-separator-border sep-single sep-solid\" style=\"--awb-height:20px;--awb-amount:20px;--awb-sep-color:var(--awb-custom_color_2);border-color:var(--awb-custom_color_2);border-top-width:1px;\"><\/div><\/div><\/div><\/div><\/div><\/div><\/p>\n","protected":false},"excerpt":{"rendered":"","protected":false},"author":1,"featured_media":3627,"parent":0,"menu_order":0,"comment_status":"closed","ping_status":"closed","template":"100-width.php","meta":{"footnotes":""},"class_list":["post-3631","page","type-page","status-publish","has-post-thumbnail","hentry"],"_links":{"self":[{"href":"https:\/\/santosmedical.com\/es\/wp-json\/wp\/v2\/pages\/3631","targetHints":{"allow":["GET"]}}],"collection":[{"href":"https:\/\/santosmedical.com\/es\/wp-json\/wp\/v2\/pages"}],"about":[{"href":"https:\/\/santosmedical.com\/es\/wp-json\/wp\/v2\/types\/page"}],"author":[{"embeddable":true,"href":"https:\/\/santosmedical.com\/es\/wp-json\/wp\/v2\/users\/1"}],"replies":[{"embeddable":true,"href":"https:\/\/santosmedical.com\/es\/wp-json\/wp\/v2\/comments?post=3631"}],"version-history":[{"count":4,"href":"https:\/\/santosmedical.com\/es\/wp-json\/wp\/v2\/pages\/3631\/revisions"}],"predecessor-version":[{"id":3640,"href":"https:\/\/santosmedical.com\/es\/wp-json\/wp\/v2\/pages\/3631\/revisions\/3640"}],"wp:featuredmedia":[{"embeddable":true,"href":"https:\/\/santosmedical.com\/es\/wp-json\/wp\/v2\/media\/3627"}],"wp:attachment":[{"href":"https:\/\/santosmedical.com\/es\/wp-json\/wp\/v2\/media?parent=3631"}],"curies":[{"name":"wp","href":"https:\/\/api.w.org\/{rel}","templated":true}]}}