{"id":3721,"date":"2026-03-05T19:36:16","date_gmt":"2026-03-05T19:36:16","guid":{"rendered":"https:\/\/santosmedical.com\/activity-center\/"},"modified":"2026-04-17T17:34:41","modified_gmt":"2026-04-17T17:34:41","slug":"activity-center","status":"publish","type":"page","link":"https:\/\/santosmedical.com\/es\/activity-center\/","title":{"rendered":"Centro de Actividades"},"content":{"rendered":"<p><div class=\"fusion-fullwidth fullwidth-box fusion-builder-row-1 fusion-flex-container nonhundred-percent-fullwidth non-hundred-percent-height-scrolling\" style=\"--link_color: rgba(0,0,0,0.23);--awb-border-radius-top-left:0px;--awb-border-radius-top-right:0px;--awb-border-radius-bottom-right:0px;--awb-border-radius-bottom-left:0px;--awb-padding-top:20px;--awb-margin-bottom:40px;--awb-background-color:#f3f6fa;--awb-flex-wrap:wrap;\" ><div class=\"fusion-builder-row fusion-row fusion-flex-align-items-flex-start fusion-flex-content-wrap\" style=\"max-width:1248px;margin-left: calc(-4% \/ 2 );margin-right: calc(-4% \/ 2 );\"><div class=\"fusion-layout-column fusion_builder_column fusion-builder-column-0 fusion_builder_column_1_2 1_2 fusion-flex-column\" style=\"--awb-bg-size:cover;--awb-width-large:50%;--awb-margin-top-large:0px;--awb-spacing-right-large:3.84%;--awb-margin-bottom-large:20px;--awb-spacing-left-large:3.84%;--awb-width-medium:50%;--awb-order-medium:0;--awb-spacing-right-medium:3.84%;--awb-spacing-left-medium:3.84%;--awb-width-small:100%;--awb-order-small:0;--awb-spacing-right-small:1.92%;--awb-spacing-left-small:1.92%;\"><div class=\"fusion-column-wrapper fusion-column-has-shadow fusion-flex-justify-content-flex-start fusion-content-layout-column\"><div class=\"fusion-text fusion-text-1\" style=\"--awb-font-size:22px;--awb-text-color:var(--awb-custom_color_3);--awb-text-font-family:&quot;Montserrat&quot;;--awb-text-font-style:normal;--awb-text-font-weight:400;\"><p><strong>Servicios<\/strong><\/p>\n<\/div><div class=\"fusion-separator\" style=\"align-self: flex-start;margin-right:auto;margin-bottom:15px;width:100%;max-width:25%;\"><div class=\"fusion-separator-border sep-single sep-solid\" style=\"--awb-height:20px;--awb-amount:20px;--awb-sep-color:#5e7385;border-color:#5e7385;border-top-width:1px;\"><\/div><\/div><div class=\"fusion-text fusion-text-2\" style=\"--awb-font-size:40px;--awb-text-color:var(--awb-custom_color_2);--awb-text-font-family:&quot;Montserrat&quot;;--awb-text-font-style:normal;--awb-text-font-weight:400;\"><p><strong>Centro de Actividades<\/strong><\/p>\n<\/div><div class=\"fusion-separator fusion-full-width-sep\" style=\"align-self: center;margin-left: auto;margin-right: auto;margin-bottom:15px;width:100%;\"><div class=\"fusion-separator-border sep-single sep-solid\" style=\"--awb-height:20px;--awb-amount:20px;--awb-sep-color:#5e7385;border-color:#5e7385;border-top-width:1px;\"><\/div><\/div><div class=\"fusion-text fusion-text-3\" style=\"--awb-font-size:16PX;--awb-text-color:#5e7385;--awb-text-font-family:&quot;Montserrat&quot;;--awb-text-font-style:normal;--awb-text-font-weight:400;\"><p>M\u00e1s que un programa diurno, una comunidad construida para la alegr\u00eda<br \/>\nEl Centro de Actividades Santos es el principal programa diurno de atenci\u00f3n a adultos del sur de Florida para personas mayores que merecen algo m\u00e1s que una atenci\u00f3n rutinaria. Con sedes en Coral Way y Homestead, combinamos enriquecimiento diario, apoyo al bienestar y aut\u00e9ntico calor humano, todo bajo un mismo techo.<\/p>\n<\/div><\/div><\/div><div class=\"fusion-layout-column fusion_builder_column fusion-builder-column-1 fusion_builder_column_1_2 1_2 fusion-flex-column benefites-video\" style=\"--awb-bg-size:cover;--awb-width-large:50%;--awb-margin-top-large:0px;--awb-spacing-right-large:3.84%;--awb-margin-bottom-large:20px;--awb-spacing-left-large:3.84%;--awb-width-medium:50%;--awb-order-medium:0;--awb-spacing-right-medium:3.84%;--awb-spacing-left-medium:3.84%;--awb-width-small:100%;--awb-order-small:0;--awb-spacing-right-small:1.92%;--awb-spacing-left-small:1.92%;\"><div class=\"fusion-column-wrapper fusion-column-has-shadow fusion-flex-justify-content-flex-start fusion-content-layout-column\"><div class=\"fusion-video fusion-youtube\" style=\"--awb-max-width:600px;--awb-max-height:320px;--awb-align-self:center;--awb-width:100%;--awb-margin-top:15px;\"><div class=\"video-shortcode\"><div class=\"fluid-width-video-wrapper\" style=\"padding-top:53.33%;\" ><iframe title=\"YouTube video player 1\" src=\"https:\/\/www.youtube.com\/embed\/MgIhTuNnSHo?wmode=transparent&autoplay=0\" width=\"600\" height=\"320\" allowfullscreen allow=\"autoplay; clipboard-write; encrypted-media; gyroscope; picture-in-picture;\"><\/iframe><\/div><\/div><\/div><\/div><\/div><\/div><\/div><div class=\"fusion-fullwidth fullwidth-box fusion-builder-row-2 fusion-flex-container has-pattern-background has-mask-background nonhundred-percent-fullwidth non-hundred-percent-height-scrolling\" style=\"--awb-border-radius-top-left:0px;--awb-border-radius-top-right:0px;--awb-border-radius-bottom-right:0px;--awb-border-radius-bottom-left:0px;--awb-flex-wrap:wrap;\" ><div class=\"fusion-builder-row fusion-row fusion-flex-align-items-flex-start fusion-flex-content-wrap\" style=\"max-width:1248px;margin-left: calc(-4% \/ 2 );margin-right: calc(-4% \/ 2 );\"><div class=\"fusion-layout-column fusion_builder_column fusion-builder-column-2 fusion_builder_column_2_5 2_5 fusion-flex-column\" style=\"--awb-bg-size:cover;--awb-width-large:40%;--awb-margin-top-large:0px;--awb-spacing-right-large:4.8%;--awb-margin-bottom-large:20px;--awb-spacing-left-large:4.8%;--awb-width-medium:40%;--awb-order-medium:0;--awb-spacing-right-medium:4.8%;--awb-spacing-left-medium:4.8%;--awb-width-small:100%;--awb-order-small:0;--awb-spacing-right-small:1.92%;--awb-spacing-left-small:1.92%;\"><div class=\"fusion-column-wrapper fusion-column-has-shadow fusion-flex-justify-content-flex-start fusion-content-layout-column\"><div class=\"fusion-image-element \" style=\"--awb-margin-bottom:10px;--awb-caption-title-font-family:var(--h2_typography-font-family);--awb-caption-title-font-weight:var(--h2_typography-font-weight);--awb-caption-title-font-style:var(--h2_typography-font-style);--awb-caption-title-size:var(--h2_typography-font-size);--awb-caption-title-transform:var(--h2_typography-text-transform);--awb-caption-title-line-height:var(--h2_typography-line-height);--awb-caption-title-letter-spacing:var(--h2_typography-letter-spacing);\"><span class=\" fusion-imageframe imageframe-none imageframe-1 hover-type-none\"><img decoding=\"async\" width=\"650\" height=\"650\" alt=\"Transporte gratuito\" title=\"Transporte gratuito\" src=\"https:\/\/santosmedical.com\/wp-content\/uploads\/2026\/03\/ad3.jpg\" class=\"img-responsive wp-image-3722\"\/><\/span><\/div><div class=\"fusion-image-element \" style=\"--awb-margin-bottom:10px;--awb-caption-title-font-family:var(--h2_typography-font-family);--awb-caption-title-font-weight:var(--h2_typography-font-weight);--awb-caption-title-font-style:var(--h2_typography-font-style);--awb-caption-title-size:var(--h2_typography-font-size);--awb-caption-title-transform:var(--h2_typography-text-transform);--awb-caption-title-line-height:var(--h2_typography-line-height);--awb-caption-title-letter-spacing:var(--h2_typography-letter-spacing);\"><span class=\" fusion-imageframe imageframe-none imageframe-2 hover-type-none\"><img decoding=\"async\" width=\"650\" height=\"650\" alt=\"Gimnasio supervisado\" title=\"Gimnasio supervisado\" src=\"https:\/\/santosmedical.com\/wp-content\/uploads\/2026\/03\/ad2.jpg\" class=\"img-responsive wp-image-3723\"\/><\/span><\/div><div class=\"fusion-image-element \" style=\"--awb-margin-bottom:10px;--awb-caption-title-font-family:var(--h2_typography-font-family);--awb-caption-title-font-weight:var(--h2_typography-font-weight);--awb-caption-title-font-style:var(--h2_typography-font-style);--awb-caption-title-size:var(--h2_typography-font-size);--awb-caption-title-transform:var(--h2_typography-text-transform);--awb-caption-title-line-height:var(--h2_typography-line-height);--awb-caption-title-letter-spacing:var(--h2_typography-letter-spacing);\"><span class=\" fusion-imageframe imageframe-none imageframe-3 hover-type-none\"><img decoding=\"async\" width=\"650\" height=\"650\" alt=\"Bingo\" title=\"Bingo\" src=\"https:\/\/santosmedical.com\/wp-content\/uploads\/2026\/03\/ad5.jpg\" class=\"img-responsive wp-image-3724\"\/><\/span><\/div><\/div><\/div><div class=\"fusion-layout-column fusion_builder_column fusion-builder-column-3 fusion_builder_column_3_5 3_5 fusion-flex-column\" style=\"--awb-bg-size:cover;--awb-width-large:60%;--awb-margin-top-large:0px;--awb-spacing-right-large:3.2%;--awb-margin-bottom-large:20px;--awb-spacing-left-large:3.2%;--awb-width-medium:60%;--awb-order-medium:0;--awb-spacing-right-medium:3.2%;--awb-spacing-left-medium:3.2%;--awb-width-small:100%;--awb-order-small:0;--awb-spacing-right-small:1.92%;--awb-spacing-left-small:1.92%;\"><div class=\"fusion-column-wrapper fusion-column-has-shadow fusion-flex-justify-content-flex-start fusion-content-layout-column\"><div class=\"fusion-text fusion-text-4\"><h2>\u00bfQu\u00e9 es un centro de actividades para mayores?<\/h2>\n<p>Un centro de actividades para mayores es un programa diurno estructurado que proporciona a los mayores compromiso social, actividad f\u00edsica, comidas nutritivas y cuidados personales, todo ello en un entorno seguro y supervisado. En los Centros de Actividades Santos vamos m\u00e1s all\u00e1, envolviendo cada servicio en el calor humano que merece nuestra comunidad.<\/p>\n<h2>Un d\u00eda completo dise\u00f1ado en torno al bienestar<\/h2>\n<p>Desde el momento en que nuestro transporte recoge a tu ser querido hasta que regresa a casa, cada detalle est\u00e1 cuidadosamente planificado.<\/p>\n<p>Cada d\u00eda incluye:<\/p>\n<ul>\n<li>Transporte puerta a puerta: recogida y entrega sin estr\u00e9s<\/li>\n<li>Desayunos y almuerzos nutritivos: comidas equilibradas adaptadas a las necesidades diet\u00e9ticas de los mayores<\/li>\n<li>Sesiones de fitness supervisadas &#8211; ejercicios adaptados en nuestro gimnasio totalmente equipado<\/li>\n<li>Servicios de belleza &#8211; peluquer\u00eda y manicura in situ<\/li>\n<li>Salidas organizadas y servicio de mercado &#8211; para la independencia y la comodidad<\/li>\n<\/ul>\n<p>Nuestros completos servicios m\u00e9dicos est\u00e1n siempre cerca, garantizando que el bienestar y la atenci\u00f3n nunca est\u00e9n lejos de tu alcance.<\/p>\n<h2>\u00bfQu\u00e9 actividades se ofrecen en el Centro de Actividades Santos?<\/h2>\n<p>El Centro de Actividades Santos ofrece diariamente una amplia variedad de actividades recreativas, creativas y culturales dise\u00f1adas para estimular la mente, fortalecer el cuerpo y alimentar el esp\u00edritu.<\/p>\n<p>Lo m\u00e1s destacado es:<\/p>\n<ul>\n<li>Domin\u00f3, bingo, billar y karaoke<\/li>\n<li>Clases de baile flamenco y talleres de teatro<\/li>\n<li>Manualidades tem\u00e1ticas<\/li>\n<li>Sorteos y celebraciones festivas especiales<\/li>\n<\/ul>\n<p>Cada actividad est\u00e1 dise\u00f1ada para fomentar la conexi\u00f3n, reducir el aislamiento y aportar aut\u00e9ntica alegr\u00eda al d\u00eda de cada participante.<\/p>\n<h2>\u00bfEs \u00e9sta la opci\u00f3n adecuada para mi ser querido?<\/h2>\n<p>El Centro de Actividades Santos es ideal para las personas mayores que se benefician de la estructura diaria, la interacci\u00f3n social y la supervisi\u00f3n profesional sin dejar de vivir en casa. Tambi\u00e9n es una soluci\u00f3n de confianza para los cuidadores familiares que necesitan tranquilidad durante las horas de trabajo.<\/p>\n<\/div><\/div><\/div><\/div><\/div><div class=\"fusion-fullwidth fullwidth-box fusion-builder-row-3 fusion-flex-container has-pattern-background has-mask-background nonhundred-percent-fullwidth non-hundred-percent-height-scrolling\" style=\"--awb-border-radius-top-left:0px;--awb-border-radius-top-right:0px;--awb-border-radius-bottom-right:0px;--awb-border-radius-bottom-left:0px;--awb-flex-wrap:wrap;\" ><div class=\"fusion-builder-row fusion-row fusion-flex-align-items-flex-start fusion-flex-content-wrap\" style=\"max-width:1248px;margin-left: calc(-4% \/ 2 );margin-right: calc(-4% \/ 2 );\"><div class=\"fusion-layout-column fusion_builder_column fusion-builder-column-4 fusion_builder_column_1_1 1_1 fusion-flex-column\" style=\"--awb-bg-size:cover;--awb-width-large:100%;--awb-margin-top-large:0px;--awb-spacing-right-large:1.92%;--awb-margin-bottom-large:20px;--awb-spacing-left-large:1.92%;--awb-width-medium:100%;--awb-order-medium:0;--awb-spacing-right-medium:1.92%;--awb-spacing-left-medium:1.92%;--awb-width-small:100%;--awb-order-small:0;--awb-spacing-right-small:1.92%;--awb-spacing-left-small:1.92%;\"><div class=\"fusion-column-wrapper fusion-column-has-shadow fusion-flex-justify-content-flex-start fusion-content-layout-column\"><div class=\"fusion-text fusion-text-5\"><h2 style=\"text-align: center;\">\u00bfQuieres saber m\u00e1s?<\/h2>\n<p style=\"text-align: center;\">El Centro de Actividades Santos es el lugar donde la independencia, la alegr\u00eda y la comunidad se unen para los mayores del sur de Florida. Tanto si est\u00e1s explorando opciones por primera vez como si est\u00e1s listo para matricularte, nuestro equipo est\u00e1 aqu\u00ed para guiarte en cada paso del camino.<\/p>\n<p style=\"text-align: center;\">\ud83d\udcde Pacientes Nuevos: (305) 424-2116 \ud83d\udcde Pacientes Actuales: (305) 553-4595 &#8211; Coral Way | Homestead<\/p>\n<\/div><\/div><\/div><\/div><\/div><\/p>\n","protected":false},"excerpt":{"rendered":"","protected":false},"author":1,"featured_media":0,"parent":0,"menu_order":0,"comment_status":"closed","ping_status":"closed","template":"100-width.php","meta":{"footnotes":""},"class_list":["post-3721","page","type-page","status-publish","hentry"],"_links":{"self":[{"href":"https:\/\/santosmedical.com\/es\/wp-json\/wp\/v2\/pages\/3721","targetHints":{"allow":["GET"]}}],"collection":[{"href":"https:\/\/santosmedical.com\/es\/wp-json\/wp\/v2\/pages"}],"about":[{"href":"https:\/\/santosmedical.com\/es\/wp-json\/wp\/v2\/types\/page"}],"author":[{"embeddable":true,"href":"https:\/\/santosmedical.com\/es\/wp-json\/wp\/v2\/users\/1"}],"replies":[{"embeddable":true,"href":"https:\/\/santosmedical.com\/es\/wp-json\/wp\/v2\/comments?post=3721"}],"version-history":[{"count":10,"href":"https:\/\/santosmedical.com\/es\/wp-json\/wp\/v2\/pages\/3721\/revisions"}],"predecessor-version":[{"id":3744,"href":"https:\/\/santosmedical.com\/es\/wp-json\/wp\/v2\/pages\/3721\/revisions\/3744"}],"wp:attachment":[{"href":"https:\/\/santosmedical.com\/es\/wp-json\/wp\/v2\/media?parent=3721"}],"curies":[{"name":"wp","href":"https:\/\/api.w.org\/{rel}","templated":true}]}}