{"id":684,"date":"2022-06-27T16:46:41","date_gmt":"2022-06-27T16:46:41","guid":{"rendered":"https:\/\/brightwayseo.com\/?page_id=684"},"modified":"2026-04-17T16:07:04","modified_gmt":"2026-04-17T16:07:04","slug":"medicina-primaria","status":"publish","type":"page","link":"https:\/\/santosmedical.com\/es\/medicina-primaria\/","title":{"rendered":"Medicina Primaria"},"content":{"rendered":"<div class=\"fusion-fullwidth fullwidth-box fusion-builder-row-1 fusion-flex-container nonhundred-percent-fullwidth non-hundred-percent-height-scrolling\" style=\"--awb-border-radius-top-left:0px;--awb-border-radius-top-right:0px;--awb-border-radius-bottom-right:0px;--awb-border-radius-bottom-left:0px;--awb-background-color:rgba(94,115,133,0.09);--awb-flex-wrap:wrap;\" ><div class=\"fusion-builder-row fusion-row fusion-flex-align-items-flex-start fusion-flex-content-wrap\" style=\"max-width:1248px;margin-left: calc(-4% \/ 2 );margin-right: calc(-4% \/ 2 );\"><div class=\"fusion-layout-column fusion_builder_column fusion-builder-column-0 fusion_builder_column_1_1 1_1 fusion-flex-column\" style=\"--awb-bg-size:cover;--awb-width-large:100%;--awb-margin-top-large:0px;--awb-spacing-right-large:1.92%;--awb-margin-bottom-large:20px;--awb-spacing-left-large:1.92%;--awb-width-medium:100%;--awb-order-medium:0;--awb-spacing-right-medium:1.92%;--awb-spacing-left-medium:1.92%;--awb-width-small:100%;--awb-order-small:0;--awb-spacing-right-small:1.92%;--awb-spacing-left-small:1.92%;\"><div class=\"fusion-column-wrapper fusion-column-has-shadow fusion-flex-justify-content-flex-start fusion-content-layout-column\"><div class=\"fusion-title title fusion-title-1 fusion-sep-none fusion-title-text fusion-title-size-one\" style=\"--awb-margin-top:25px;--awb-margin-top-small:10px;--awb-margin-right-small:0px;--awb-margin-bottom-small:10px;--awb-margin-left-small:0px;\"><h1 class=\"fusion-title-heading title-heading-left\" style=\"margin:0;\"><strong>Nuestros Doctores De Medicina Primaria<\/strong><\/h1><\/div><div class=\"fusion-text fusion-text-1\"><p>Nuestros m\u00e9dicos internistas certificados por la junta m\u00e9dica aportan d\u00e9cadas de experiencia a la comunidad del sur de la Florida, brindando atenci\u00f3n primaria integral para pacientes adultos y de la tercera edad. Cada m\u00e9dico lidera un equipo dedicado, enfocado en el cuidado de su salud a trav\u00e9s de la medicina preventiva, el manejo de enfermedades cr\u00f3nicas y la atenci\u00f3n de necesidades m\u00e9dicas agudas.<\/p>\n<p>Con disponibilidad las 24 horas del d\u00eda, los 7 d\u00edas de la semana, y una coordinaci\u00f3n fluida entre todas las sedes de Santos Medical Centers, nuestros m\u00e9dicos garantizan que usted reciba atenci\u00f3n m\u00e9dica experta y personalizada en el momento en que la necesite. Desde citas de rutina y an\u00e1lisis de laboratorio hasta atenci\u00f3n de urgencias y condiciones m\u00e9dicas complejas, nuestros m\u00e9dicos internistas le ofrecen la experiencia cl\u00ednica avanzada que usted merece, combinada con el calor humano que define nuestro enfoque familiar en el cuidado de la salud.<\/p>\n<\/div><\/div><\/div><div class=\"fusion-layout-column fusion_builder_column fusion-builder-column-1 fusion_builder_column_1_3 1_3 fusion-flex-column\" style=\"--awb-bg-size:cover;--awb-width-large:33.333333333333%;--awb-margin-top-large:0px;--awb-spacing-right-large:5.76%;--awb-margin-bottom-large:20px;--awb-spacing-left-large:5.76%;--awb-width-medium:33.333333333333%;--awb-order-medium:0;--awb-spacing-right-medium:5.76%;--awb-spacing-left-medium:5.76%;--awb-width-small:100%;--awb-order-small:0;--awb-spacing-right-small:1.92%;--awb-spacing-left-small:1.92%;\"><div class=\"fusion-column-wrapper fusion-column-has-shadow fusion-flex-justify-content-flex-start fusion-content-layout-column\"><div class=\"fusion-image-element \" style=\"--awb-caption-title-font-family:var(--h2_typography-font-family);--awb-caption-title-font-weight:var(--h2_typography-font-weight);--awb-caption-title-font-style:var(--h2_typography-font-style);--awb-caption-title-size:var(--h2_typography-font-size);--awb-caption-title-transform:var(--h2_typography-text-transform);--awb-caption-title-line-height:var(--h2_typography-line-height);--awb-caption-title-letter-spacing:var(--h2_typography-letter-spacing);\"><span class=\" fusion-imageframe imageframe-none imageframe-1 hover-type-none\"><img decoding=\"async\" width=\"750\" height=\"600\" alt=\"Regina Feliu, MD\" title=\"Regina Feliu, MD\" src=\"https:\/\/santosmedical.com\/wp-content\/uploads\/2022\/06\/DR-FELIU.jpg\" class=\"img-responsive wp-image-732\" srcset=\"https:\/\/santosmedical.com\/wp-content\/uploads\/2022\/06\/DR-FELIU-200x160.jpg 200w, https:\/\/santosmedical.com\/wp-content\/uploads\/2022\/06\/DR-FELIU-400x320.jpg 400w, https:\/\/santosmedical.com\/wp-content\/uploads\/2022\/06\/DR-FELIU-600x480.jpg 600w, https:\/\/santosmedical.com\/wp-content\/uploads\/2022\/06\/DR-FELIU.jpg 750w\" sizes=\"(max-width: 640px) 100vw, 400px\" \/><\/span><\/div><div class=\"fusion-title title fusion-title-2 fusion-sep-none fusion-title-text fusion-title-size-three\" style=\"--awb-text-color:var(--awb-custom_color_2);--awb-margin-top-small:10px;--awb-margin-right-small:0px;--awb-margin-bottom-small:10px;--awb-margin-left-small:0px;--awb-font-size:20px;\"><h3 class=\"fusion-title-heading title-heading-left\" style=\"font-family:&quot;Montserrat&quot;;font-style:normal;font-weight:400;margin:0;font-size:1em;\"><strong>Regina Feliu, MD<\/strong><\/h3><\/div><div class=\"fusion-text fusion-text-2\" style=\"--awb-margin-top:-10px;\"><p>M\u00e9dico Primario<br \/>\nSantos Medical Center &#8211; Coral Way<\/p>\n<\/div><div class=\"fusion-separator\" style=\"align-self: flex-start;margin-right:auto;width:100%;max-width:80%;\"><div class=\"fusion-separator-border sep-single sep-solid\" style=\"--awb-height:20px;--awb-amount:20px;--awb-sep-color:var(--awb-custom_color_2);border-color:var(--awb-custom_color_2);border-top-width:1px;\"><\/div><\/div><\/div><\/div><div class=\"fusion-layout-column fusion_builder_column fusion-builder-column-2 fusion_builder_column_1_3 1_3 fusion-flex-column\" style=\"--awb-bg-size:cover;--awb-width-large:33.333333333333%;--awb-margin-top-large:0px;--awb-spacing-right-large:5.76%;--awb-margin-bottom-large:20px;--awb-spacing-left-large:5.76%;--awb-width-medium:33.333333333333%;--awb-order-medium:0;--awb-spacing-right-medium:5.76%;--awb-spacing-left-medium:5.76%;--awb-width-small:100%;--awb-order-small:0;--awb-spacing-right-small:1.92%;--awb-spacing-left-small:1.92%;\"><div class=\"fusion-column-wrapper fusion-column-has-shadow fusion-flex-justify-content-flex-start fusion-content-layout-column\"><div class=\"fusion-image-element \" style=\"--awb-caption-title-font-family:var(--h2_typography-font-family);--awb-caption-title-font-weight:var(--h2_typography-font-weight);--awb-caption-title-font-style:var(--h2_typography-font-style);--awb-caption-title-size:var(--h2_typography-font-size);--awb-caption-title-transform:var(--h2_typography-text-transform);--awb-caption-title-line-height:var(--h2_typography-line-height);--awb-caption-title-letter-spacing:var(--h2_typography-letter-spacing);\"><span class=\" fusion-imageframe imageframe-none imageframe-2 hover-type-none\"><img decoding=\"async\" width=\"750\" height=\"600\" alt=\"Sylvia Garcia Landaburo, MD\" title=\"Sylvia Garcia Landaburo, MD\" src=\"https:\/\/santosmedical.com\/wp-content\/uploads\/2022\/06\/DR-LANDABURO.jpg\" class=\"img-responsive wp-image-734\" srcset=\"https:\/\/santosmedical.com\/wp-content\/uploads\/2022\/06\/DR-LANDABURO-200x160.jpg 200w, https:\/\/santosmedical.com\/wp-content\/uploads\/2022\/06\/DR-LANDABURO-400x320.jpg 400w, https:\/\/santosmedical.com\/wp-content\/uploads\/2022\/06\/DR-LANDABURO-600x480.jpg 600w, https:\/\/santosmedical.com\/wp-content\/uploads\/2022\/06\/DR-LANDABURO.jpg 750w\" sizes=\"(max-width: 640px) 100vw, 400px\" \/><\/span><\/div><div class=\"fusion-title title fusion-title-3 fusion-sep-none fusion-title-text fusion-title-size-three\" style=\"--awb-text-color:var(--awb-custom_color_2);--awb-margin-top-small:10px;--awb-margin-right-small:0px;--awb-margin-bottom-small:10px;--awb-margin-left-small:0px;--awb-font-size:20px;\"><h3 class=\"fusion-title-heading title-heading-left\" style=\"font-family:&quot;Montserrat&quot;;font-style:normal;font-weight:400;margin:0;font-size:1em;\"><strong>Sylvia Garc\u00eda Landaburo, MD<\/strong><\/h3><\/div><div class=\"fusion-text fusion-text-3\" style=\"--awb-margin-top:-10px;\"><p>M\u00e9dico Primario<br \/>\nSantos Medical Center &#8211; Coral Way<\/p>\n<\/div><div class=\"fusion-separator\" style=\"align-self: flex-start;margin-right:auto;width:100%;max-width:80%;\"><div class=\"fusion-separator-border sep-single sep-solid\" style=\"--awb-height:20px;--awb-amount:20px;--awb-sep-color:var(--awb-custom_color_2);border-color:var(--awb-custom_color_2);border-top-width:1px;\"><\/div><\/div><\/div><\/div><div class=\"fusion-layout-column fusion_builder_column fusion-builder-column-3 fusion_builder_column_1_3 1_3 fusion-flex-column\" style=\"--awb-bg-size:cover;--awb-width-large:33.333333333333%;--awb-margin-top-large:0px;--awb-spacing-right-large:5.76%;--awb-margin-bottom-large:20px;--awb-spacing-left-large:5.76%;--awb-width-medium:33.333333333333%;--awb-order-medium:0;--awb-spacing-right-medium:5.76%;--awb-spacing-left-medium:5.76%;--awb-width-small:100%;--awb-order-small:0;--awb-spacing-right-small:1.92%;--awb-spacing-left-small:1.92%;\"><div class=\"fusion-column-wrapper fusion-column-has-shadow fusion-flex-justify-content-flex-start fusion-content-layout-column\"><div class=\"fusion-image-element \" style=\"--awb-caption-title-font-family:var(--h2_typography-font-family);--awb-caption-title-font-weight:var(--h2_typography-font-weight);--awb-caption-title-font-style:var(--h2_typography-font-style);--awb-caption-title-size:var(--h2_typography-font-size);--awb-caption-title-transform:var(--h2_typography-text-transform);--awb-caption-title-line-height:var(--h2_typography-line-height);--awb-caption-title-letter-spacing:var(--h2_typography-letter-spacing);\"><span class=\" fusion-imageframe imageframe-none imageframe-3 hover-type-none\"><img decoding=\"async\" width=\"750\" height=\"600\" alt=\"Mario Salgado, MD\" title=\"Mario Salgado, MD\" src=\"https:\/\/santosmedical.com\/wp-content\/uploads\/2022\/06\/DR-SALGADO.jpg\" class=\"img-responsive wp-image-738\" srcset=\"https:\/\/santosmedical.com\/wp-content\/uploads\/2022\/06\/DR-SALGADO-200x160.jpg 200w, https:\/\/santosmedical.com\/wp-content\/uploads\/2022\/06\/DR-SALGADO-400x320.jpg 400w, https:\/\/santosmedical.com\/wp-content\/uploads\/2022\/06\/DR-SALGADO-600x480.jpg 600w, https:\/\/santosmedical.com\/wp-content\/uploads\/2022\/06\/DR-SALGADO.jpg 750w\" sizes=\"(max-width: 640px) 100vw, 400px\" \/><\/span><\/div><div class=\"fusion-title title fusion-title-4 fusion-sep-none fusion-title-text fusion-title-size-three\" style=\"--awb-text-color:var(--awb-custom_color_2);--awb-margin-top-small:10px;--awb-margin-right-small:0px;--awb-margin-bottom-small:10px;--awb-margin-left-small:0px;--awb-font-size:20px;\"><h3 class=\"fusion-title-heading title-heading-left\" style=\"font-family:&quot;Montserrat&quot;;font-style:normal;font-weight:400;margin:0;font-size:1em;\"><strong>Mario Salgado, MD<\/strong><\/h3><\/div><div class=\"fusion-text fusion-text-4\" style=\"--awb-margin-top:-10px;\"><p>M\u00e9dico Primario<br \/>\nSantos Medical Center &#8211; Miami Lakes<\/p>\n<\/div><div class=\"fusion-separator\" style=\"align-self: flex-start;margin-right:auto;width:100%;max-width:80%;\"><div class=\"fusion-separator-border sep-single sep-solid\" style=\"--awb-height:20px;--awb-amount:20px;--awb-sep-color:var(--awb-custom_color_2);border-color:var(--awb-custom_color_2);border-top-width:1px;\"><\/div><\/div><\/div><\/div><\/div><\/div>\n","protected":false},"excerpt":{"rendered":"","protected":false},"author":1,"featured_media":0,"parent":0,"menu_order":0,"comment_status":"closed","ping_status":"closed","template":"100-width.php","meta":{"footnotes":""},"class_list":["post-684","page","type-page","status-publish","hentry"],"_links":{"self":[{"href":"https:\/\/santosmedical.com\/es\/wp-json\/wp\/v2\/pages\/684","targetHints":{"allow":["GET"]}}],"collection":[{"href":"https:\/\/santosmedical.com\/es\/wp-json\/wp\/v2\/pages"}],"about":[{"href":"https:\/\/santosmedical.com\/es\/wp-json\/wp\/v2\/types\/page"}],"author":[{"embeddable":true,"href":"https:\/\/santosmedical.com\/es\/wp-json\/wp\/v2\/users\/1"}],"replies":[{"embeddable":true,"href":"https:\/\/santosmedical.com\/es\/wp-json\/wp\/v2\/comments?post=684"}],"version-history":[{"count":10,"href":"https:\/\/santosmedical.com\/es\/wp-json\/wp\/v2\/pages\/684\/revisions"}],"predecessor-version":[{"id":3720,"href":"https:\/\/santosmedical.com\/es\/wp-json\/wp\/v2\/pages\/684\/revisions\/3720"}],"wp:attachment":[{"href":"https:\/\/santosmedical.com\/es\/wp-json\/wp\/v2\/media?parent=684"}],"curies":[{"name":"wp","href":"https:\/\/api.w.org\/{rel}","templated":true}]}}